{"id":324,"date":"2026-04-02T08:01:45","date_gmt":"2026-04-02T08:01:45","guid":{"rendered":"https:\/\/xn--elocra-fva.fr\/?post_type=product&#038;p=324"},"modified":"2026-04-16T14:55:25","modified_gmt":"2026-04-16T14:55:25","slug":"boucles-doreilles-artisanales-colorees-2","status":"publish","type":"product","link":"https:\/\/xn--elocra-fva.fr\/index.php\/product\/boucles-doreilles-artisanales-colorees-2\/","title":{"rendered":"Brise Tropicale"},"content":{"rendered":"<p><strong>Pi\u00e8ce unique\u00a0<\/strong><\/p>\n<p><strong>Principaux d\u00e9tails<\/strong><\/p>\n<ul>\n<li>Fabriqu\u00e9 par EloCr\u00e9a<\/li>\n<li>Envoy\u00e9 par une petite entreprise bas\u00e9e en France<\/li>\n<li>Longueur\u00a0: 4 cm\u00a0; Largeur\u00a0: 1.7 cm<\/li>\n<\/ul>\n<p>&nbsp;<\/p>\n<p>Ces \u00ab BO pendantes carr\u00e9s \u00bb sont chaleureuses et appellent le soleil ! Des couleurs obtenues gr\u00e2ce \u00e0 un m\u00e9lange de plusieurs argiles polym\u00e8res.<br \/>\nLe tout recouvert de r\u00e9sine pour un rendu brillant, et magnifi\u00e9 par une attache en acier inox couleur or brillant du plus bel effet.<\/p>\n<p>La couleur orange apporte une touche vitamin\u00e9e et lumineuse, le bleu \u00e9voque la s\u00e9r\u00e9nit\u00e9 et la confiance, inspir\u00e9es du ciel et de l\u2019oc\u00e9an, tandis que le marron apporte chaleur et naturel.La d\u00e9licate cha\u00eenette ajoute une note chic et f\u00e9minine, pour un bijou \u00e0 la fois \u00e9l\u00e9gant et plein de caract\u00e8re.<\/p>\n<p>\u2699\ufe0f<strong>MAT\u00c9RIAU<\/strong><\/p>\n<p>Argile polym\u00e8re, finition r\u00e9sine.<br \/>\nAttaches en acier inox couleur dor\u00e9.<br \/>\nAnneaux de liaison en acier inox dor\u00e9.<br \/>\nChainette dor\u00e9<\/p>\n","protected":false},"excerpt":{"rendered":"<p>Pi\u00e8ce unique\u00a0 Principaux d\u00e9tails Fabriqu\u00e9 par EloCr\u00e9a Envoy\u00e9 par une petite entreprise bas\u00e9e en France Longueur\u00a0: 4 cm\u00a0; Largeur\u00a0: 1.7 cm &nbsp; Ces \u00ab BO pendantes carr\u00e9s \u00bb sont chaleureuses et appellent le soleil ! Des couleurs obtenues gr\u00e2ce \u00e0 un m\u00e9lange de plusieurs argiles polym\u00e8res. Le tout recouvert de r\u00e9sine pour un rendu brillant, &hellip; <\/p>\n<p class=\"link-more\"><a href=\"https:\/\/xn--elocra-fva.fr\/index.php\/product\/boucles-doreilles-artisanales-colorees-2\/\" class=\"more-link\">Lire la suite de<span class=\"screen-reader-text\">\u00ab\u00a0Brise Tropicale\u00a0\u00bb<\/span><\/a><\/p>\n","protected":false},"featured_media":325,"comment_status":"open","ping_status":"closed","template":"","meta":[],"product_brand":[],"product_cat":[27,22,19],"product_tag":[],"class_list":{"0":"post-324","1":"product","2":"type-product","3":"status-publish","4":"has-post-thumbnail","6":"product_cat-boucles-doreille","7":"product_cat-boucles-fimo","8":"product_cat-collection-or-chic","9":"product_shipping_class-leger-20g","11":"first","12":"instock","13":"shipping-taxable","14":"purchasable","15":"product-type-simple"},"yoast_head":"<!-- This site is optimized with the Yoast SEO plugin v27.3 - https:\/\/yoast.com\/product\/yoast-seo-wordpress\/ -->\n<title>Brise Tropicale - Elocr\u00e9a<\/title>\n<meta name=\"robots\" content=\"index, follow, max-snippet:-1, max-image-preview:large, max-video-preview:-1\" \/>\n<link rel=\"canonical\" href=\"https:\/\/xn--elocra-fva.fr\/index.php\/product\/boucles-doreilles-artisanales-colorees-2\/\" \/>\n<meta property=\"og:locale\" content=\"fr_FR\" \/>\n<meta property=\"og:type\" content=\"article\" \/>\n<meta property=\"og:title\" content=\"Brise Tropicale - Elocr\u00e9a\" \/>\n<meta property=\"og:description\" content=\"Pi\u00e8ce unique\u00a0 Principaux d\u00e9tails Fabriqu\u00e9 par EloCr\u00e9a Envoy\u00e9 par une petite entreprise bas\u00e9e en France Longueur\u00a0: 4 cm\u00a0; Largeur\u00a0: 1.7 cm &nbsp; Ces \u00ab BO pendantes carr\u00e9s \u00bb sont chaleureuses et appellent le soleil ! Des couleurs obtenues gr\u00e2ce \u00e0 un m\u00e9lange de plusieurs argiles polym\u00e8res. Le tout recouvert de r\u00e9sine pour un rendu brillant, &hellip; Lire la suite de\u00ab\u00a0Brise Tropicale\u00a0\u00bb\" \/>\n<meta property=\"og:url\" content=\"https:\/\/xn--elocra-fva.fr\/index.php\/product\/boucles-doreilles-artisanales-colorees-2\/\" \/>\n<meta property=\"og:site_name\" content=\"Elocr\u00e9a\" \/>\n<meta property=\"article:modified_time\" content=\"2026-04-16T14:55:25+00:00\" \/>\n<meta property=\"og:image\" content=\"https:\/\/xn--elocra-fva.fr\/wp-content\/uploads\/2026\/04\/Image-28.jpeg\" \/>\n\t<meta property=\"og:image:width\" content=\"1588\" \/>\n\t<meta property=\"og:image:height\" content=\"2109\" \/>\n\t<meta property=\"og:image:type\" content=\"image\/jpeg\" \/>\n<meta name=\"twitter:card\" content=\"summary_large_image\" \/>\n<meta name=\"twitter:label1\" content=\"Dur\u00e9e de lecture estim\u00e9e\" \/>\n\t<meta name=\"twitter:data1\" content=\"1 minute\" \/>\n<script type=\"application\/ld+json\" class=\"yoast-schema-graph\">{\"@context\":\"https:\\\/\\\/schema.org\",\"@graph\":[{\"@type\":\"WebPage\",\"@id\":\"https:\\\/\\\/xn--elocra-fva.fr\\\/index.php\\\/product\\\/boucles-doreilles-artisanales-colorees-2\\\/\",\"url\":\"https:\\\/\\\/xn--elocra-fva.fr\\\/index.php\\\/product\\\/boucles-doreilles-artisanales-colorees-2\\\/\",\"name\":\"Brise Tropicale - Elocr\u00e9a\",\"isPartOf\":{\"@id\":\"https:\\\/\\\/xn--elocra-fva.fr\\\/#website\"},\"primaryImageOfPage\":{\"@id\":\"https:\\\/\\\/xn--elocra-fva.fr\\\/index.php\\\/product\\\/boucles-doreilles-artisanales-colorees-2\\\/#primaryimage\"},\"image\":{\"@id\":\"https:\\\/\\\/xn--elocra-fva.fr\\\/index.php\\\/product\\\/boucles-doreilles-artisanales-colorees-2\\\/#primaryimage\"},\"thumbnailUrl\":\"https:\\\/\\\/xn--elocra-fva.fr\\\/wp-content\\\/uploads\\\/2026\\\/04\\\/Image-28.jpeg\",\"datePublished\":\"2026-04-02T08:01:45+00:00\",\"dateModified\":\"2026-04-16T14:55:25+00:00\",\"breadcrumb\":{\"@id\":\"https:\\\/\\\/xn--elocra-fva.fr\\\/index.php\\\/product\\\/boucles-doreilles-artisanales-colorees-2\\\/#breadcrumb\"},\"inLanguage\":\"fr-FR\",\"potentialAction\":[{\"@type\":\"ReadAction\",\"target\":[\"https:\\\/\\\/xn--elocra-fva.fr\\\/index.php\\\/product\\\/boucles-doreilles-artisanales-colorees-2\\\/\"]}]},{\"@type\":\"ImageObject\",\"inLanguage\":\"fr-FR\",\"@id\":\"https:\\\/\\\/xn--elocra-fva.fr\\\/index.php\\\/product\\\/boucles-doreilles-artisanales-colorees-2\\\/#primaryimage\",\"url\":\"https:\\\/\\\/xn--elocra-fva.fr\\\/wp-content\\\/uploads\\\/2026\\\/04\\\/Image-28.jpeg\",\"contentUrl\":\"https:\\\/\\\/xn--elocra-fva.fr\\\/wp-content\\\/uploads\\\/2026\\\/04\\\/Image-28.jpeg\",\"width\":1588,\"height\":2109},{\"@type\":\"BreadcrumbList\",\"@id\":\"https:\\\/\\\/xn--elocra-fva.fr\\\/index.php\\\/product\\\/boucles-doreilles-artisanales-colorees-2\\\/#breadcrumb\",\"itemListElement\":[{\"@type\":\"ListItem\",\"position\":1,\"name\":\"Accueil\",\"item\":\"https:\\\/\\\/xn--elocra-fva.fr\\\/\"},{\"@type\":\"ListItem\",\"position\":2,\"name\":\"Boutique\",\"item\":\"https:\\\/\\\/xn--elocra-fva.fr\\\/index.php\\\/boutique-elocrea\\\/\"},{\"@type\":\"ListItem\",\"position\":3,\"name\":\"Brise Tropicale\"}]},{\"@type\":\"WebSite\",\"@id\":\"https:\\\/\\\/xn--elocra-fva.fr\\\/#website\",\"url\":\"https:\\\/\\\/xn--elocra-fva.fr\\\/\",\"name\":\"Elocr\u00e9a\",\"description\":\"\",\"publisher\":{\"@id\":\"https:\\\/\\\/xn--elocra-fva.fr\\\/#\\\/schema\\\/person\\\/ee750f99c271d684532997e1cb559d0d\"},\"potentialAction\":[{\"@type\":\"SearchAction\",\"target\":{\"@type\":\"EntryPoint\",\"urlTemplate\":\"https:\\\/\\\/xn--elocra-fva.fr\\\/?s={search_term_string}\"},\"query-input\":{\"@type\":\"PropertyValueSpecification\",\"valueRequired\":true,\"valueName\":\"search_term_string\"}}],\"inLanguage\":\"fr-FR\"},{\"@type\":[\"Person\",\"Organization\"],\"@id\":\"https:\\\/\\\/xn--elocra-fva.fr\\\/#\\\/schema\\\/person\\\/ee750f99c271d684532997e1cb559d0d\",\"name\":\"Sophia Vernier\",\"image\":{\"@type\":\"ImageObject\",\"inLanguage\":\"fr-FR\",\"@id\":\"https:\\\/\\\/xn--elocra-fva.fr\\\/wp-content\\\/uploads\\\/2026\\\/03\\\/cropped-Logo-elocrea.jpg\",\"url\":\"https:\\\/\\\/xn--elocra-fva.fr\\\/wp-content\\\/uploads\\\/2026\\\/03\\\/cropped-Logo-elocrea.jpg\",\"contentUrl\":\"https:\\\/\\\/xn--elocra-fva.fr\\\/wp-content\\\/uploads\\\/2026\\\/03\\\/cropped-Logo-elocrea.jpg\",\"width\":1024,\"height\":1024,\"caption\":\"Sophia Vernier\"},\"logo\":{\"@id\":\"https:\\\/\\\/xn--elocra-fva.fr\\\/wp-content\\\/uploads\\\/2026\\\/03\\\/cropped-Logo-elocrea.jpg\"},\"sameAs\":[\"http:\\\/\\\/xn--elocra-fva.fr\"]}]}<\/script>\n<!-- \/ Yoast SEO plugin. -->","yoast_head_json":{"title":"Brise Tropicale - Elocr\u00e9a","robots":{"index":"index","follow":"follow","max-snippet":"max-snippet:-1","max-image-preview":"max-image-preview:large","max-video-preview":"max-video-preview:-1"},"canonical":"https:\/\/xn--elocra-fva.fr\/index.php\/product\/boucles-doreilles-artisanales-colorees-2\/","og_locale":"fr_FR","og_type":"article","og_title":"Brise Tropicale - Elocr\u00e9a","og_description":"Pi\u00e8ce unique\u00a0 Principaux d\u00e9tails Fabriqu\u00e9 par EloCr\u00e9a Envoy\u00e9 par une petite entreprise bas\u00e9e en France Longueur\u00a0: 4 cm\u00a0; Largeur\u00a0: 1.7 cm &nbsp; Ces \u00ab BO pendantes carr\u00e9s \u00bb sont chaleureuses et appellent le soleil ! Des couleurs obtenues gr\u00e2ce \u00e0 un m\u00e9lange de plusieurs argiles polym\u00e8res. Le tout recouvert de r\u00e9sine pour un rendu brillant, &hellip; Lire la suite de\u00ab\u00a0Brise Tropicale\u00a0\u00bb","og_url":"https:\/\/xn--elocra-fva.fr\/index.php\/product\/boucles-doreilles-artisanales-colorees-2\/","og_site_name":"Elocr\u00e9a","article_modified_time":"2026-04-16T14:55:25+00:00","og_image":[{"width":1588,"height":2109,"url":"https:\/\/xn--elocra-fva.fr\/wp-content\/uploads\/2026\/04\/Image-28.jpeg","type":"image\/jpeg"}],"twitter_card":"summary_large_image","twitter_misc":{"Dur\u00e9e de lecture estim\u00e9e":"1 minute"},"schema":{"@context":"https:\/\/schema.org","@graph":[{"@type":"WebPage","@id":"https:\/\/xn--elocra-fva.fr\/index.php\/product\/boucles-doreilles-artisanales-colorees-2\/","url":"https:\/\/xn--elocra-fva.fr\/index.php\/product\/boucles-doreilles-artisanales-colorees-2\/","name":"Brise Tropicale - Elocr\u00e9a","isPartOf":{"@id":"https:\/\/xn--elocra-fva.fr\/#website"},"primaryImageOfPage":{"@id":"https:\/\/xn--elocra-fva.fr\/index.php\/product\/boucles-doreilles-artisanales-colorees-2\/#primaryimage"},"image":{"@id":"https:\/\/xn--elocra-fva.fr\/index.php\/product\/boucles-doreilles-artisanales-colorees-2\/#primaryimage"},"thumbnailUrl":"https:\/\/xn--elocra-fva.fr\/wp-content\/uploads\/2026\/04\/Image-28.jpeg","datePublished":"2026-04-02T08:01:45+00:00","dateModified":"2026-04-16T14:55:25+00:00","breadcrumb":{"@id":"https:\/\/xn--elocra-fva.fr\/index.php\/product\/boucles-doreilles-artisanales-colorees-2\/#breadcrumb"},"inLanguage":"fr-FR","potentialAction":[{"@type":"ReadAction","target":["https:\/\/xn--elocra-fva.fr\/index.php\/product\/boucles-doreilles-artisanales-colorees-2\/"]}]},{"@type":"ImageObject","inLanguage":"fr-FR","@id":"https:\/\/xn--elocra-fva.fr\/index.php\/product\/boucles-doreilles-artisanales-colorees-2\/#primaryimage","url":"https:\/\/xn--elocra-fva.fr\/wp-content\/uploads\/2026\/04\/Image-28.jpeg","contentUrl":"https:\/\/xn--elocra-fva.fr\/wp-content\/uploads\/2026\/04\/Image-28.jpeg","width":1588,"height":2109},{"@type":"BreadcrumbList","@id":"https:\/\/xn--elocra-fva.fr\/index.php\/product\/boucles-doreilles-artisanales-colorees-2\/#breadcrumb","itemListElement":[{"@type":"ListItem","position":1,"name":"Accueil","item":"https:\/\/xn--elocra-fva.fr\/"},{"@type":"ListItem","position":2,"name":"Boutique","item":"https:\/\/xn--elocra-fva.fr\/index.php\/boutique-elocrea\/"},{"@type":"ListItem","position":3,"name":"Brise Tropicale"}]},{"@type":"WebSite","@id":"https:\/\/xn--elocra-fva.fr\/#website","url":"https:\/\/xn--elocra-fva.fr\/","name":"Elocr\u00e9a","description":"","publisher":{"@id":"https:\/\/xn--elocra-fva.fr\/#\/schema\/person\/ee750f99c271d684532997e1cb559d0d"},"potentialAction":[{"@type":"SearchAction","target":{"@type":"EntryPoint","urlTemplate":"https:\/\/xn--elocra-fva.fr\/?s={search_term_string}"},"query-input":{"@type":"PropertyValueSpecification","valueRequired":true,"valueName":"search_term_string"}}],"inLanguage":"fr-FR"},{"@type":["Person","Organization"],"@id":"https:\/\/xn--elocra-fva.fr\/#\/schema\/person\/ee750f99c271d684532997e1cb559d0d","name":"Sophia Vernier","image":{"@type":"ImageObject","inLanguage":"fr-FR","@id":"https:\/\/xn--elocra-fva.fr\/wp-content\/uploads\/2026\/03\/cropped-Logo-elocrea.jpg","url":"https:\/\/xn--elocra-fva.fr\/wp-content\/uploads\/2026\/03\/cropped-Logo-elocrea.jpg","contentUrl":"https:\/\/xn--elocra-fva.fr\/wp-content\/uploads\/2026\/03\/cropped-Logo-elocrea.jpg","width":1024,"height":1024,"caption":"Sophia Vernier"},"logo":{"@id":"https:\/\/xn--elocra-fva.fr\/wp-content\/uploads\/2026\/03\/cropped-Logo-elocrea.jpg"},"sameAs":["http:\/\/xn--elocra-fva.fr"]}]}},"jetpack_sharing_enabled":true,"_links":{"self":[{"href":"https:\/\/xn--elocra-fva.fr\/index.php\/wp-json\/wp\/v2\/product\/324","targetHints":{"allow":["GET"]}}],"collection":[{"href":"https:\/\/xn--elocra-fva.fr\/index.php\/wp-json\/wp\/v2\/product"}],"about":[{"href":"https:\/\/xn--elocra-fva.fr\/index.php\/wp-json\/wp\/v2\/types\/product"}],"replies":[{"embeddable":true,"href":"https:\/\/xn--elocra-fva.fr\/index.php\/wp-json\/wp\/v2\/comments?post=324"}],"wp:featuredmedia":[{"embeddable":true,"href":"https:\/\/xn--elocra-fva.fr\/index.php\/wp-json\/wp\/v2\/media\/325"}],"wp:attachment":[{"href":"https:\/\/xn--elocra-fva.fr\/index.php\/wp-json\/wp\/v2\/media?parent=324"}],"wp:term":[{"taxonomy":"product_brand","embeddable":true,"href":"https:\/\/xn--elocra-fva.fr\/index.php\/wp-json\/wp\/v2\/product_brand?post=324"},{"taxonomy":"product_cat","embeddable":true,"href":"https:\/\/xn--elocra-fva.fr\/index.php\/wp-json\/wp\/v2\/product_cat?post=324"},{"taxonomy":"product_tag","embeddable":true,"href":"https:\/\/xn--elocra-fva.fr\/index.php\/wp-json\/wp\/v2\/product_tag?post=324"}],"curies":[{"name":"wp","href":"https:\/\/api.w.org\/{rel}","templated":true}]}}