{"id":354,"date":"2026-04-02T08:22:05","date_gmt":"2026-04-02T08:22:05","guid":{"rendered":"https:\/\/xn--elocra-fva.fr\/?post_type=product&#038;p=354"},"modified":"2026-04-16T15:01:43","modified_gmt":"2026-04-16T15:01:43","slug":"boucles-doreilles-geometriques","status":"publish","type":"product","link":"https:\/\/xn--elocra-fva.fr\/index.php\/product\/boucles-doreilles-geometriques\/","title":{"rendered":"Nuit \u00e9toil\u00e9e"},"content":{"rendered":"<p><strong>Pi\u00e8ce unique\u00a0<\/strong><\/p>\n<p><strong>Principaux d\u00e9tails<\/strong><\/p>\n<ul>\n<li>Fabriqu\u00e9 par EloCr\u00e9a<\/li>\n<li>Envoy\u00e9 par une petite entreprise bas\u00e9e en France<\/li>\n<li>Longueur\u00a0: 4.5 cm\u00a0; Largeur\u00a0: 2.5 cm<\/li>\n<\/ul>\n<p>Ces \u00ab BO Hexagonale \u00bb sont \u00e9l\u00e9gantes et chic ! R\u00e9aliser avec de la r\u00e9sine et de la poudre mica bleu roi associ\u00e9 \u00e0 des paillettes dor\u00e9es pour un rendu ciel \u00e9toil\u00e9.<br \/>\nMagnifi\u00e9 par une attache en acier dor\u00e9 pour un effet sophistiqu\u00e9.<\/p>\n<p>R\u00e9sine coul\u00e9e et travaill\u00e9e \u00e0 la main<br \/>\nTeintes : Bleu roi et paillette<br \/>\nAttaches dor\u00e9es en acier inoxydable<br \/>\nSequin en laiton dor\u00e9<\/p>\n<p>\u26a0\ufe0fENTRETIEN ET PR\u00c9CAUTIONS D&#8217;EMPLOI<\/p>\n<p>Ne jamais stocker vos bijoux dans un endroit humide (une salle de bains, par exemple).<br \/>\nNe pas les mouiller.<br \/>\n\u00c9viter de vaporiser du parfum ou de la cr\u00e8me solaire dessus.<\/p>\n<p>\u2692 C\u00d4T\u00c9 ATELIER<br \/>\nConfectionn\u00e9e \u00e0 la main en France, en tr\u00e8s petites quantit\u00e9s, chaque boucle d&#8217;oreille est unique et originale.<br \/>\nDes (infimes) variations de couleurs ou dans la disposition de certains motifs peuvent ainsi \u00eatre observ\u00e9es d&#8217;un mod\u00e8le \u00e0 l&#8217;autre.<\/p>\n","protected":false},"excerpt":{"rendered":"<p>Pi\u00e8ce unique\u00a0 Principaux d\u00e9tails Fabriqu\u00e9 par EloCr\u00e9a Envoy\u00e9 par une petite entreprise bas\u00e9e en France Longueur\u00a0: 4.5 cm\u00a0; Largeur\u00a0: 2.5 cm Ces \u00ab BO Hexagonale \u00bb sont \u00e9l\u00e9gantes et chic ! R\u00e9aliser avec de la r\u00e9sine et de la poudre mica bleu roi associ\u00e9 \u00e0 des paillettes dor\u00e9es pour un rendu ciel \u00e9toil\u00e9. Magnifi\u00e9 par &hellip; <\/p>\n<p class=\"link-more\"><a href=\"https:\/\/xn--elocra-fva.fr\/index.php\/product\/boucles-doreilles-geometriques\/\" class=\"more-link\">Lire la suite de<span class=\"screen-reader-text\">\u00ab\u00a0Nuit \u00e9toil\u00e9e\u00a0\u00bb<\/span><\/a><\/p>\n","protected":false},"featured_media":355,"comment_status":"open","ping_status":"closed","template":"","meta":[],"product_brand":[],"product_cat":[27,19],"product_tag":[],"class_list":{"0":"post-354","1":"product","2":"type-product","3":"status-publish","4":"has-post-thumbnail","6":"product_cat-boucles-doreille","7":"product_cat-collection-or-chic","8":"product_shipping_class-leger-20g","10":"first","11":"instock","12":"shipping-taxable","13":"purchasable","14":"product-type-simple"},"yoast_head":"<!-- This site is optimized with the Yoast SEO plugin v27.3 - https:\/\/yoast.com\/product\/yoast-seo-wordpress\/ -->\n<title>Nuit \u00e9toil\u00e9e - Elocr\u00e9a<\/title>\n<meta name=\"robots\" content=\"index, follow, max-snippet:-1, max-image-preview:large, max-video-preview:-1\" \/>\n<link rel=\"canonical\" href=\"https:\/\/xn--elocra-fva.fr\/index.php\/product\/boucles-doreilles-geometriques\/\" \/>\n<meta property=\"og:locale\" content=\"fr_FR\" \/>\n<meta property=\"og:type\" content=\"article\" \/>\n<meta property=\"og:title\" content=\"Nuit \u00e9toil\u00e9e - Elocr\u00e9a\" \/>\n<meta property=\"og:description\" content=\"Pi\u00e8ce unique\u00a0 Principaux d\u00e9tails Fabriqu\u00e9 par EloCr\u00e9a Envoy\u00e9 par une petite entreprise bas\u00e9e en France Longueur\u00a0: 4.5 cm\u00a0; Largeur\u00a0: 2.5 cm Ces \u00ab BO Hexagonale \u00bb sont \u00e9l\u00e9gantes et chic ! R\u00e9aliser avec de la r\u00e9sine et de la poudre mica bleu roi associ\u00e9 \u00e0 des paillettes dor\u00e9es pour un rendu ciel \u00e9toil\u00e9. Magnifi\u00e9 par &hellip; Lire la suite de\u00ab\u00a0Nuit \u00e9toil\u00e9e\u00a0\u00bb\" \/>\n<meta property=\"og:url\" content=\"https:\/\/xn--elocra-fva.fr\/index.php\/product\/boucles-doreilles-geometriques\/\" \/>\n<meta property=\"og:site_name\" content=\"Elocr\u00e9a\" \/>\n<meta property=\"article:modified_time\" content=\"2026-04-16T15:01:43+00:00\" \/>\n<meta property=\"og:image\" content=\"https:\/\/xn--elocra-fva.fr\/wp-content\/uploads\/2026\/04\/Image-53.jpeg\" \/>\n\t<meta property=\"og:image:width\" content=\"1401\" \/>\n\t<meta property=\"og:image:height\" content=\"1224\" \/>\n\t<meta property=\"og:image:type\" content=\"image\/jpeg\" \/>\n<meta name=\"twitter:card\" content=\"summary_large_image\" \/>\n<meta name=\"twitter:label1\" content=\"Dur\u00e9e de lecture estim\u00e9e\" \/>\n\t<meta name=\"twitter:data1\" content=\"1 minute\" \/>\n<script type=\"application\/ld+json\" class=\"yoast-schema-graph\">{\"@context\":\"https:\\\/\\\/schema.org\",\"@graph\":[{\"@type\":\"WebPage\",\"@id\":\"https:\\\/\\\/xn--elocra-fva.fr\\\/index.php\\\/product\\\/boucles-doreilles-geometriques\\\/\",\"url\":\"https:\\\/\\\/xn--elocra-fva.fr\\\/index.php\\\/product\\\/boucles-doreilles-geometriques\\\/\",\"name\":\"Nuit \u00e9toil\u00e9e - Elocr\u00e9a\",\"isPartOf\":{\"@id\":\"https:\\\/\\\/xn--elocra-fva.fr\\\/#website\"},\"primaryImageOfPage\":{\"@id\":\"https:\\\/\\\/xn--elocra-fva.fr\\\/index.php\\\/product\\\/boucles-doreilles-geometriques\\\/#primaryimage\"},\"image\":{\"@id\":\"https:\\\/\\\/xn--elocra-fva.fr\\\/index.php\\\/product\\\/boucles-doreilles-geometriques\\\/#primaryimage\"},\"thumbnailUrl\":\"https:\\\/\\\/xn--elocra-fva.fr\\\/wp-content\\\/uploads\\\/2026\\\/04\\\/Image-53.jpeg\",\"datePublished\":\"2026-04-02T08:22:05+00:00\",\"dateModified\":\"2026-04-16T15:01:43+00:00\",\"breadcrumb\":{\"@id\":\"https:\\\/\\\/xn--elocra-fva.fr\\\/index.php\\\/product\\\/boucles-doreilles-geometriques\\\/#breadcrumb\"},\"inLanguage\":\"fr-FR\",\"potentialAction\":[{\"@type\":\"ReadAction\",\"target\":[\"https:\\\/\\\/xn--elocra-fva.fr\\\/index.php\\\/product\\\/boucles-doreilles-geometriques\\\/\"]}]},{\"@type\":\"ImageObject\",\"inLanguage\":\"fr-FR\",\"@id\":\"https:\\\/\\\/xn--elocra-fva.fr\\\/index.php\\\/product\\\/boucles-doreilles-geometriques\\\/#primaryimage\",\"url\":\"https:\\\/\\\/xn--elocra-fva.fr\\\/wp-content\\\/uploads\\\/2026\\\/04\\\/Image-53.jpeg\",\"contentUrl\":\"https:\\\/\\\/xn--elocra-fva.fr\\\/wp-content\\\/uploads\\\/2026\\\/04\\\/Image-53.jpeg\",\"width\":1401,\"height\":1224},{\"@type\":\"BreadcrumbList\",\"@id\":\"https:\\\/\\\/xn--elocra-fva.fr\\\/index.php\\\/product\\\/boucles-doreilles-geometriques\\\/#breadcrumb\",\"itemListElement\":[{\"@type\":\"ListItem\",\"position\":1,\"name\":\"Accueil\",\"item\":\"https:\\\/\\\/xn--elocra-fva.fr\\\/\"},{\"@type\":\"ListItem\",\"position\":2,\"name\":\"Boutique\",\"item\":\"https:\\\/\\\/xn--elocra-fva.fr\\\/index.php\\\/boutique-elocrea\\\/\"},{\"@type\":\"ListItem\",\"position\":3,\"name\":\"Nuit \u00e9toil\u00e9e\"}]},{\"@type\":\"WebSite\",\"@id\":\"https:\\\/\\\/xn--elocra-fva.fr\\\/#website\",\"url\":\"https:\\\/\\\/xn--elocra-fva.fr\\\/\",\"name\":\"Elocr\u00e9a\",\"description\":\"\",\"publisher\":{\"@id\":\"https:\\\/\\\/xn--elocra-fva.fr\\\/#\\\/schema\\\/person\\\/ee750f99c271d684532997e1cb559d0d\"},\"potentialAction\":[{\"@type\":\"SearchAction\",\"target\":{\"@type\":\"EntryPoint\",\"urlTemplate\":\"https:\\\/\\\/xn--elocra-fva.fr\\\/?s={search_term_string}\"},\"query-input\":{\"@type\":\"PropertyValueSpecification\",\"valueRequired\":true,\"valueName\":\"search_term_string\"}}],\"inLanguage\":\"fr-FR\"},{\"@type\":[\"Person\",\"Organization\"],\"@id\":\"https:\\\/\\\/xn--elocra-fva.fr\\\/#\\\/schema\\\/person\\\/ee750f99c271d684532997e1cb559d0d\",\"name\":\"Sophia Vernier\",\"image\":{\"@type\":\"ImageObject\",\"inLanguage\":\"fr-FR\",\"@id\":\"https:\\\/\\\/xn--elocra-fva.fr\\\/wp-content\\\/uploads\\\/2026\\\/03\\\/cropped-Logo-elocrea.jpg\",\"url\":\"https:\\\/\\\/xn--elocra-fva.fr\\\/wp-content\\\/uploads\\\/2026\\\/03\\\/cropped-Logo-elocrea.jpg\",\"contentUrl\":\"https:\\\/\\\/xn--elocra-fva.fr\\\/wp-content\\\/uploads\\\/2026\\\/03\\\/cropped-Logo-elocrea.jpg\",\"width\":1024,\"height\":1024,\"caption\":\"Sophia Vernier\"},\"logo\":{\"@id\":\"https:\\\/\\\/xn--elocra-fva.fr\\\/wp-content\\\/uploads\\\/2026\\\/03\\\/cropped-Logo-elocrea.jpg\"},\"sameAs\":[\"http:\\\/\\\/xn--elocra-fva.fr\"]}]}<\/script>\n<!-- \/ Yoast SEO plugin. -->","yoast_head_json":{"title":"Nuit \u00e9toil\u00e9e - Elocr\u00e9a","robots":{"index":"index","follow":"follow","max-snippet":"max-snippet:-1","max-image-preview":"max-image-preview:large","max-video-preview":"max-video-preview:-1"},"canonical":"https:\/\/xn--elocra-fva.fr\/index.php\/product\/boucles-doreilles-geometriques\/","og_locale":"fr_FR","og_type":"article","og_title":"Nuit \u00e9toil\u00e9e - Elocr\u00e9a","og_description":"Pi\u00e8ce unique\u00a0 Principaux d\u00e9tails Fabriqu\u00e9 par EloCr\u00e9a Envoy\u00e9 par une petite entreprise bas\u00e9e en France Longueur\u00a0: 4.5 cm\u00a0; Largeur\u00a0: 2.5 cm Ces \u00ab BO Hexagonale \u00bb sont \u00e9l\u00e9gantes et chic ! R\u00e9aliser avec de la r\u00e9sine et de la poudre mica bleu roi associ\u00e9 \u00e0 des paillettes dor\u00e9es pour un rendu ciel \u00e9toil\u00e9. Magnifi\u00e9 par &hellip; Lire la suite de\u00ab\u00a0Nuit \u00e9toil\u00e9e\u00a0\u00bb","og_url":"https:\/\/xn--elocra-fva.fr\/index.php\/product\/boucles-doreilles-geometriques\/","og_site_name":"Elocr\u00e9a","article_modified_time":"2026-04-16T15:01:43+00:00","og_image":[{"width":1401,"height":1224,"url":"https:\/\/xn--elocra-fva.fr\/wp-content\/uploads\/2026\/04\/Image-53.jpeg","type":"image\/jpeg"}],"twitter_card":"summary_large_image","twitter_misc":{"Dur\u00e9e de lecture estim\u00e9e":"1 minute"},"schema":{"@context":"https:\/\/schema.org","@graph":[{"@type":"WebPage","@id":"https:\/\/xn--elocra-fva.fr\/index.php\/product\/boucles-doreilles-geometriques\/","url":"https:\/\/xn--elocra-fva.fr\/index.php\/product\/boucles-doreilles-geometriques\/","name":"Nuit \u00e9toil\u00e9e - Elocr\u00e9a","isPartOf":{"@id":"https:\/\/xn--elocra-fva.fr\/#website"},"primaryImageOfPage":{"@id":"https:\/\/xn--elocra-fva.fr\/index.php\/product\/boucles-doreilles-geometriques\/#primaryimage"},"image":{"@id":"https:\/\/xn--elocra-fva.fr\/index.php\/product\/boucles-doreilles-geometriques\/#primaryimage"},"thumbnailUrl":"https:\/\/xn--elocra-fva.fr\/wp-content\/uploads\/2026\/04\/Image-53.jpeg","datePublished":"2026-04-02T08:22:05+00:00","dateModified":"2026-04-16T15:01:43+00:00","breadcrumb":{"@id":"https:\/\/xn--elocra-fva.fr\/index.php\/product\/boucles-doreilles-geometriques\/#breadcrumb"},"inLanguage":"fr-FR","potentialAction":[{"@type":"ReadAction","target":["https:\/\/xn--elocra-fva.fr\/index.php\/product\/boucles-doreilles-geometriques\/"]}]},{"@type":"ImageObject","inLanguage":"fr-FR","@id":"https:\/\/xn--elocra-fva.fr\/index.php\/product\/boucles-doreilles-geometriques\/#primaryimage","url":"https:\/\/xn--elocra-fva.fr\/wp-content\/uploads\/2026\/04\/Image-53.jpeg","contentUrl":"https:\/\/xn--elocra-fva.fr\/wp-content\/uploads\/2026\/04\/Image-53.jpeg","width":1401,"height":1224},{"@type":"BreadcrumbList","@id":"https:\/\/xn--elocra-fva.fr\/index.php\/product\/boucles-doreilles-geometriques\/#breadcrumb","itemListElement":[{"@type":"ListItem","position":1,"name":"Accueil","item":"https:\/\/xn--elocra-fva.fr\/"},{"@type":"ListItem","position":2,"name":"Boutique","item":"https:\/\/xn--elocra-fva.fr\/index.php\/boutique-elocrea\/"},{"@type":"ListItem","position":3,"name":"Nuit \u00e9toil\u00e9e"}]},{"@type":"WebSite","@id":"https:\/\/xn--elocra-fva.fr\/#website","url":"https:\/\/xn--elocra-fva.fr\/","name":"Elocr\u00e9a","description":"","publisher":{"@id":"https:\/\/xn--elocra-fva.fr\/#\/schema\/person\/ee750f99c271d684532997e1cb559d0d"},"potentialAction":[{"@type":"SearchAction","target":{"@type":"EntryPoint","urlTemplate":"https:\/\/xn--elocra-fva.fr\/?s={search_term_string}"},"query-input":{"@type":"PropertyValueSpecification","valueRequired":true,"valueName":"search_term_string"}}],"inLanguage":"fr-FR"},{"@type":["Person","Organization"],"@id":"https:\/\/xn--elocra-fva.fr\/#\/schema\/person\/ee750f99c271d684532997e1cb559d0d","name":"Sophia Vernier","image":{"@type":"ImageObject","inLanguage":"fr-FR","@id":"https:\/\/xn--elocra-fva.fr\/wp-content\/uploads\/2026\/03\/cropped-Logo-elocrea.jpg","url":"https:\/\/xn--elocra-fva.fr\/wp-content\/uploads\/2026\/03\/cropped-Logo-elocrea.jpg","contentUrl":"https:\/\/xn--elocra-fva.fr\/wp-content\/uploads\/2026\/03\/cropped-Logo-elocrea.jpg","width":1024,"height":1024,"caption":"Sophia Vernier"},"logo":{"@id":"https:\/\/xn--elocra-fva.fr\/wp-content\/uploads\/2026\/03\/cropped-Logo-elocrea.jpg"},"sameAs":["http:\/\/xn--elocra-fva.fr"]}]}},"jetpack_sharing_enabled":true,"_links":{"self":[{"href":"https:\/\/xn--elocra-fva.fr\/index.php\/wp-json\/wp\/v2\/product\/354","targetHints":{"allow":["GET"]}}],"collection":[{"href":"https:\/\/xn--elocra-fva.fr\/index.php\/wp-json\/wp\/v2\/product"}],"about":[{"href":"https:\/\/xn--elocra-fva.fr\/index.php\/wp-json\/wp\/v2\/types\/product"}],"replies":[{"embeddable":true,"href":"https:\/\/xn--elocra-fva.fr\/index.php\/wp-json\/wp\/v2\/comments?post=354"}],"wp:featuredmedia":[{"embeddable":true,"href":"https:\/\/xn--elocra-fva.fr\/index.php\/wp-json\/wp\/v2\/media\/355"}],"wp:attachment":[{"href":"https:\/\/xn--elocra-fva.fr\/index.php\/wp-json\/wp\/v2\/media?parent=354"}],"wp:term":[{"taxonomy":"product_brand","embeddable":true,"href":"https:\/\/xn--elocra-fva.fr\/index.php\/wp-json\/wp\/v2\/product_brand?post=354"},{"taxonomy":"product_cat","embeddable":true,"href":"https:\/\/xn--elocra-fva.fr\/index.php\/wp-json\/wp\/v2\/product_cat?post=354"},{"taxonomy":"product_tag","embeddable":true,"href":"https:\/\/xn--elocra-fva.fr\/index.php\/wp-json\/wp\/v2\/product_tag?post=354"}],"curies":[{"name":"wp","href":"https:\/\/api.w.org\/{rel}","templated":true}]}}