{"id":367,"date":"2026-04-02T08:30:00","date_gmt":"2026-04-02T08:30:00","guid":{"rendered":"https:\/\/xn--elocra-fva.fr\/?post_type=product&#038;p=367"},"modified":"2026-04-16T13:16:50","modified_gmt":"2026-04-16T13:16:50","slug":"boucles-doreilles-goutte-doree-2","status":"publish","type":"product","link":"https:\/\/xn--elocra-fva.fr\/index.php\/product\/boucles-doreilles-goutte-doree-2\/","title":{"rendered":"Douce Pens\u00e9e"},"content":{"rendered":"<p><strong>Pi\u00e8ce unique\u00a0<\/strong><\/p>\n<p><strong>Principaux d\u00e9tails<\/strong><\/p>\n<ul>\n<li>Fabriqu\u00e9 par EloCr\u00e9a<\/li>\n<li>Envoy\u00e9 par une petite entreprise bas\u00e9e en France<\/li>\n<li>Longueur\u00a0: 6.5 cm\u00a0; Largeur\u00a0: 3.5 cm<\/li>\n<\/ul>\n<p>Laissez-vous s\u00e9duire par la d\u00e9licatesse de ces boucles d\u2019oreilles en forme de goutte dor\u00e9e, mettant en valeur de v\u00e9ritables fleurs de pens\u00e9e aux nuances de jaune et de violet.<\/p>\n<p>Chaque fleur est soigneusement int\u00e9gr\u00e9e pour pr\u00e9server sa beaut\u00e9 naturelle, rendant chaque paire absolument unique. L\u2019association du dor\u00e9 lumineux et de la finesse florale cr\u00e9e un bijou \u00e9l\u00e9gant, po\u00e9tique et intemporel.<\/p>\n<p>\u2699\ufe0f<strong>MAT\u00c9RIAU<\/strong><\/p>\n<p>Boucles d\u2019oreilles pendantes forme goutte<br \/>\nV\u00e9ritables fleurs de pens\u00e9e<br \/>\nCouleurs : jaune, violet, dor\u00e9<br \/>\nFinition brillante en r\u00e9sine<br \/>\nAttaches clous en acier inoxydable<\/p>\n<p>\u26a0\ufe0fENTRETIEN ET PR\u00c9CAUTIONS D&#8217;EMPLOI<\/p>\n<p>Ne jamais stocker vos bijoux dans un endroit humide (une salle de bains, par exemple).<br \/>\nNe pas les mouiller.<br \/>\n\u00c9viter de vaporiser du parfum ou de la cr\u00e8me solaire dessus.<\/p>\n<p>\u2692 C\u00d4T\u00c9 ATELIER<br \/>\nConfectionn\u00e9e \u00e0 la main en France, en tr\u00e8s petites quantit\u00e9s, chaque boucle d&#8217;oreille est unique et originale.<br \/>\nDes (infimes) variations de couleurs ou dans la disposition de certains motifs peuvent ainsi \u00eatre observ\u00e9es d&#8217;un mod\u00e8le \u00e0 l&#8217;autre<\/p>\n","protected":false},"excerpt":{"rendered":"<p>Pi\u00e8ce unique\u00a0 Principaux d\u00e9tails Fabriqu\u00e9 par EloCr\u00e9a Envoy\u00e9 par une petite entreprise bas\u00e9e en France Longueur\u00a0: 6.5 cm\u00a0; Largeur\u00a0: 3.5 cm Laissez-vous s\u00e9duire par la d\u00e9licatesse de ces boucles d\u2019oreilles en forme de goutte dor\u00e9e, mettant en valeur de v\u00e9ritables fleurs de pens\u00e9e aux nuances de jaune et de violet. Chaque fleur est soigneusement int\u00e9gr\u00e9e &hellip; <\/p>\n<p class=\"link-more\"><a href=\"https:\/\/xn--elocra-fva.fr\/index.php\/product\/boucles-doreilles-goutte-doree-2\/\" class=\"more-link\">Lire la suite de<span class=\"screen-reader-text\">\u00ab\u00a0Douce Pens\u00e9e\u00a0\u00bb<\/span><\/a><\/p>\n","protected":false},"featured_media":371,"comment_status":"open","ping_status":"closed","template":"","meta":[],"product_brand":[],"product_cat":[20,28],"product_tag":[],"class_list":{"0":"post-367","1":"product","2":"type-product","3":"status-publish","4":"has-post-thumbnail","6":"product_cat-bijoux-botaniques","7":"product_cat-idee-cadeau","8":"product_shipping_class-leger-20g","10":"first","11":"instock","12":"shipping-taxable","13":"purchasable","14":"product-type-simple"},"yoast_head":"<!-- This site is optimized with the Yoast SEO plugin v27.3 - https:\/\/yoast.com\/product\/yoast-seo-wordpress\/ -->\n<title>Douce Pens\u00e9e - Elocr\u00e9a<\/title>\n<meta name=\"robots\" content=\"index, follow, max-snippet:-1, max-image-preview:large, max-video-preview:-1\" \/>\n<link rel=\"canonical\" href=\"https:\/\/xn--elocra-fva.fr\/index.php\/product\/boucles-doreilles-goutte-doree-2\/\" \/>\n<meta property=\"og:locale\" content=\"fr_FR\" \/>\n<meta property=\"og:type\" content=\"article\" \/>\n<meta property=\"og:title\" content=\"Douce Pens\u00e9e - Elocr\u00e9a\" \/>\n<meta property=\"og:description\" content=\"Pi\u00e8ce unique\u00a0 Principaux d\u00e9tails Fabriqu\u00e9 par EloCr\u00e9a Envoy\u00e9 par une petite entreprise bas\u00e9e en France Longueur\u00a0: 6.5 cm\u00a0; Largeur\u00a0: 3.5 cm Laissez-vous s\u00e9duire par la d\u00e9licatesse de ces boucles d\u2019oreilles en forme de goutte dor\u00e9e, mettant en valeur de v\u00e9ritables fleurs de pens\u00e9e aux nuances de jaune et de violet. Chaque fleur est soigneusement int\u00e9gr\u00e9e &hellip; Lire la suite de\u00ab\u00a0Douce Pens\u00e9e\u00a0\u00bb\" \/>\n<meta property=\"og:url\" content=\"https:\/\/xn--elocra-fva.fr\/index.php\/product\/boucles-doreilles-goutte-doree-2\/\" \/>\n<meta property=\"og:site_name\" content=\"Elocr\u00e9a\" \/>\n<meta property=\"article:modified_time\" content=\"2026-04-16T13:16:50+00:00\" \/>\n<meta property=\"og:image\" content=\"https:\/\/xn--elocra-fva.fr\/wp-content\/uploads\/2026\/04\/Image-62.jpeg\" \/>\n\t<meta property=\"og:image:width\" content=\"1588\" \/>\n\t<meta property=\"og:image:height\" content=\"2109\" \/>\n\t<meta property=\"og:image:type\" content=\"image\/jpeg\" \/>\n<meta name=\"twitter:card\" content=\"summary_large_image\" \/>\n<meta name=\"twitter:label1\" content=\"Dur\u00e9e de lecture estim\u00e9e\" \/>\n\t<meta name=\"twitter:data1\" content=\"2 minutes\" \/>\n<script type=\"application\/ld+json\" class=\"yoast-schema-graph\">{\"@context\":\"https:\\\/\\\/schema.org\",\"@graph\":[{\"@type\":\"WebPage\",\"@id\":\"https:\\\/\\\/xn--elocra-fva.fr\\\/index.php\\\/product\\\/boucles-doreilles-goutte-doree-2\\\/\",\"url\":\"https:\\\/\\\/xn--elocra-fva.fr\\\/index.php\\\/product\\\/boucles-doreilles-goutte-doree-2\\\/\",\"name\":\"Douce Pens\u00e9e - Elocr\u00e9a\",\"isPartOf\":{\"@id\":\"https:\\\/\\\/xn--elocra-fva.fr\\\/#website\"},\"primaryImageOfPage\":{\"@id\":\"https:\\\/\\\/xn--elocra-fva.fr\\\/index.php\\\/product\\\/boucles-doreilles-goutte-doree-2\\\/#primaryimage\"},\"image\":{\"@id\":\"https:\\\/\\\/xn--elocra-fva.fr\\\/index.php\\\/product\\\/boucles-doreilles-goutte-doree-2\\\/#primaryimage\"},\"thumbnailUrl\":\"https:\\\/\\\/xn--elocra-fva.fr\\\/wp-content\\\/uploads\\\/2026\\\/04\\\/Image-62.jpeg\",\"datePublished\":\"2026-04-02T08:30:00+00:00\",\"dateModified\":\"2026-04-16T13:16:50+00:00\",\"breadcrumb\":{\"@id\":\"https:\\\/\\\/xn--elocra-fva.fr\\\/index.php\\\/product\\\/boucles-doreilles-goutte-doree-2\\\/#breadcrumb\"},\"inLanguage\":\"fr-FR\",\"potentialAction\":[{\"@type\":\"ReadAction\",\"target\":[\"https:\\\/\\\/xn--elocra-fva.fr\\\/index.php\\\/product\\\/boucles-doreilles-goutte-doree-2\\\/\"]}]},{\"@type\":\"ImageObject\",\"inLanguage\":\"fr-FR\",\"@id\":\"https:\\\/\\\/xn--elocra-fva.fr\\\/index.php\\\/product\\\/boucles-doreilles-goutte-doree-2\\\/#primaryimage\",\"url\":\"https:\\\/\\\/xn--elocra-fva.fr\\\/wp-content\\\/uploads\\\/2026\\\/04\\\/Image-62.jpeg\",\"contentUrl\":\"https:\\\/\\\/xn--elocra-fva.fr\\\/wp-content\\\/uploads\\\/2026\\\/04\\\/Image-62.jpeg\",\"width\":1588,\"height\":2109},{\"@type\":\"BreadcrumbList\",\"@id\":\"https:\\\/\\\/xn--elocra-fva.fr\\\/index.php\\\/product\\\/boucles-doreilles-goutte-doree-2\\\/#breadcrumb\",\"itemListElement\":[{\"@type\":\"ListItem\",\"position\":1,\"name\":\"Accueil\",\"item\":\"https:\\\/\\\/xn--elocra-fva.fr\\\/\"},{\"@type\":\"ListItem\",\"position\":2,\"name\":\"Boutique\",\"item\":\"https:\\\/\\\/xn--elocra-fva.fr\\\/index.php\\\/boutique-elocrea\\\/\"},{\"@type\":\"ListItem\",\"position\":3,\"name\":\"Douce Pens\u00e9e\"}]},{\"@type\":\"WebSite\",\"@id\":\"https:\\\/\\\/xn--elocra-fva.fr\\\/#website\",\"url\":\"https:\\\/\\\/xn--elocra-fva.fr\\\/\",\"name\":\"Elocr\u00e9a\",\"description\":\"\",\"publisher\":{\"@id\":\"https:\\\/\\\/xn--elocra-fva.fr\\\/#\\\/schema\\\/person\\\/ee750f99c271d684532997e1cb559d0d\"},\"potentialAction\":[{\"@type\":\"SearchAction\",\"target\":{\"@type\":\"EntryPoint\",\"urlTemplate\":\"https:\\\/\\\/xn--elocra-fva.fr\\\/?s={search_term_string}\"},\"query-input\":{\"@type\":\"PropertyValueSpecification\",\"valueRequired\":true,\"valueName\":\"search_term_string\"}}],\"inLanguage\":\"fr-FR\"},{\"@type\":[\"Person\",\"Organization\"],\"@id\":\"https:\\\/\\\/xn--elocra-fva.fr\\\/#\\\/schema\\\/person\\\/ee750f99c271d684532997e1cb559d0d\",\"name\":\"Sophia Vernier\",\"image\":{\"@type\":\"ImageObject\",\"inLanguage\":\"fr-FR\",\"@id\":\"https:\\\/\\\/xn--elocra-fva.fr\\\/wp-content\\\/uploads\\\/2026\\\/03\\\/cropped-Logo-elocrea.jpg\",\"url\":\"https:\\\/\\\/xn--elocra-fva.fr\\\/wp-content\\\/uploads\\\/2026\\\/03\\\/cropped-Logo-elocrea.jpg\",\"contentUrl\":\"https:\\\/\\\/xn--elocra-fva.fr\\\/wp-content\\\/uploads\\\/2026\\\/03\\\/cropped-Logo-elocrea.jpg\",\"width\":1024,\"height\":1024,\"caption\":\"Sophia Vernier\"},\"logo\":{\"@id\":\"https:\\\/\\\/xn--elocra-fva.fr\\\/wp-content\\\/uploads\\\/2026\\\/03\\\/cropped-Logo-elocrea.jpg\"},\"sameAs\":[\"http:\\\/\\\/xn--elocra-fva.fr\"]}]}<\/script>\n<!-- \/ Yoast SEO plugin. -->","yoast_head_json":{"title":"Douce Pens\u00e9e - Elocr\u00e9a","robots":{"index":"index","follow":"follow","max-snippet":"max-snippet:-1","max-image-preview":"max-image-preview:large","max-video-preview":"max-video-preview:-1"},"canonical":"https:\/\/xn--elocra-fva.fr\/index.php\/product\/boucles-doreilles-goutte-doree-2\/","og_locale":"fr_FR","og_type":"article","og_title":"Douce Pens\u00e9e - Elocr\u00e9a","og_description":"Pi\u00e8ce unique\u00a0 Principaux d\u00e9tails Fabriqu\u00e9 par EloCr\u00e9a Envoy\u00e9 par une petite entreprise bas\u00e9e en France Longueur\u00a0: 6.5 cm\u00a0; Largeur\u00a0: 3.5 cm Laissez-vous s\u00e9duire par la d\u00e9licatesse de ces boucles d\u2019oreilles en forme de goutte dor\u00e9e, mettant en valeur de v\u00e9ritables fleurs de pens\u00e9e aux nuances de jaune et de violet. Chaque fleur est soigneusement int\u00e9gr\u00e9e &hellip; Lire la suite de\u00ab\u00a0Douce Pens\u00e9e\u00a0\u00bb","og_url":"https:\/\/xn--elocra-fva.fr\/index.php\/product\/boucles-doreilles-goutte-doree-2\/","og_site_name":"Elocr\u00e9a","article_modified_time":"2026-04-16T13:16:50+00:00","og_image":[{"width":1588,"height":2109,"url":"https:\/\/xn--elocra-fva.fr\/wp-content\/uploads\/2026\/04\/Image-62.jpeg","type":"image\/jpeg"}],"twitter_card":"summary_large_image","twitter_misc":{"Dur\u00e9e de lecture estim\u00e9e":"2 minutes"},"schema":{"@context":"https:\/\/schema.org","@graph":[{"@type":"WebPage","@id":"https:\/\/xn--elocra-fva.fr\/index.php\/product\/boucles-doreilles-goutte-doree-2\/","url":"https:\/\/xn--elocra-fva.fr\/index.php\/product\/boucles-doreilles-goutte-doree-2\/","name":"Douce Pens\u00e9e - Elocr\u00e9a","isPartOf":{"@id":"https:\/\/xn--elocra-fva.fr\/#website"},"primaryImageOfPage":{"@id":"https:\/\/xn--elocra-fva.fr\/index.php\/product\/boucles-doreilles-goutte-doree-2\/#primaryimage"},"image":{"@id":"https:\/\/xn--elocra-fva.fr\/index.php\/product\/boucles-doreilles-goutte-doree-2\/#primaryimage"},"thumbnailUrl":"https:\/\/xn--elocra-fva.fr\/wp-content\/uploads\/2026\/04\/Image-62.jpeg","datePublished":"2026-04-02T08:30:00+00:00","dateModified":"2026-04-16T13:16:50+00:00","breadcrumb":{"@id":"https:\/\/xn--elocra-fva.fr\/index.php\/product\/boucles-doreilles-goutte-doree-2\/#breadcrumb"},"inLanguage":"fr-FR","potentialAction":[{"@type":"ReadAction","target":["https:\/\/xn--elocra-fva.fr\/index.php\/product\/boucles-doreilles-goutte-doree-2\/"]}]},{"@type":"ImageObject","inLanguage":"fr-FR","@id":"https:\/\/xn--elocra-fva.fr\/index.php\/product\/boucles-doreilles-goutte-doree-2\/#primaryimage","url":"https:\/\/xn--elocra-fva.fr\/wp-content\/uploads\/2026\/04\/Image-62.jpeg","contentUrl":"https:\/\/xn--elocra-fva.fr\/wp-content\/uploads\/2026\/04\/Image-62.jpeg","width":1588,"height":2109},{"@type":"BreadcrumbList","@id":"https:\/\/xn--elocra-fva.fr\/index.php\/product\/boucles-doreilles-goutte-doree-2\/#breadcrumb","itemListElement":[{"@type":"ListItem","position":1,"name":"Accueil","item":"https:\/\/xn--elocra-fva.fr\/"},{"@type":"ListItem","position":2,"name":"Boutique","item":"https:\/\/xn--elocra-fva.fr\/index.php\/boutique-elocrea\/"},{"@type":"ListItem","position":3,"name":"Douce Pens\u00e9e"}]},{"@type":"WebSite","@id":"https:\/\/xn--elocra-fva.fr\/#website","url":"https:\/\/xn--elocra-fva.fr\/","name":"Elocr\u00e9a","description":"","publisher":{"@id":"https:\/\/xn--elocra-fva.fr\/#\/schema\/person\/ee750f99c271d684532997e1cb559d0d"},"potentialAction":[{"@type":"SearchAction","target":{"@type":"EntryPoint","urlTemplate":"https:\/\/xn--elocra-fva.fr\/?s={search_term_string}"},"query-input":{"@type":"PropertyValueSpecification","valueRequired":true,"valueName":"search_term_string"}}],"inLanguage":"fr-FR"},{"@type":["Person","Organization"],"@id":"https:\/\/xn--elocra-fva.fr\/#\/schema\/person\/ee750f99c271d684532997e1cb559d0d","name":"Sophia Vernier","image":{"@type":"ImageObject","inLanguage":"fr-FR","@id":"https:\/\/xn--elocra-fva.fr\/wp-content\/uploads\/2026\/03\/cropped-Logo-elocrea.jpg","url":"https:\/\/xn--elocra-fva.fr\/wp-content\/uploads\/2026\/03\/cropped-Logo-elocrea.jpg","contentUrl":"https:\/\/xn--elocra-fva.fr\/wp-content\/uploads\/2026\/03\/cropped-Logo-elocrea.jpg","width":1024,"height":1024,"caption":"Sophia Vernier"},"logo":{"@id":"https:\/\/xn--elocra-fva.fr\/wp-content\/uploads\/2026\/03\/cropped-Logo-elocrea.jpg"},"sameAs":["http:\/\/xn--elocra-fva.fr"]}]}},"jetpack_sharing_enabled":true,"_links":{"self":[{"href":"https:\/\/xn--elocra-fva.fr\/index.php\/wp-json\/wp\/v2\/product\/367","targetHints":{"allow":["GET"]}}],"collection":[{"href":"https:\/\/xn--elocra-fva.fr\/index.php\/wp-json\/wp\/v2\/product"}],"about":[{"href":"https:\/\/xn--elocra-fva.fr\/index.php\/wp-json\/wp\/v2\/types\/product"}],"replies":[{"embeddable":true,"href":"https:\/\/xn--elocra-fva.fr\/index.php\/wp-json\/wp\/v2\/comments?post=367"}],"wp:featuredmedia":[{"embeddable":true,"href":"https:\/\/xn--elocra-fva.fr\/index.php\/wp-json\/wp\/v2\/media\/371"}],"wp:attachment":[{"href":"https:\/\/xn--elocra-fva.fr\/index.php\/wp-json\/wp\/v2\/media?parent=367"}],"wp:term":[{"taxonomy":"product_brand","embeddable":true,"href":"https:\/\/xn--elocra-fva.fr\/index.php\/wp-json\/wp\/v2\/product_brand?post=367"},{"taxonomy":"product_cat","embeddable":true,"href":"https:\/\/xn--elocra-fva.fr\/index.php\/wp-json\/wp\/v2\/product_cat?post=367"},{"taxonomy":"product_tag","embeddable":true,"href":"https:\/\/xn--elocra-fva.fr\/index.php\/wp-json\/wp\/v2\/product_tag?post=367"}],"curies":[{"name":"wp","href":"https:\/\/api.w.org\/{rel}","templated":true}]}}