{"id":426,"date":"2026-04-02T09:03:55","date_gmt":"2026-04-02T09:03:55","guid":{"rendered":"https:\/\/xn--elocra-fva.fr\/?post_type=product&#038;p=426"},"modified":"2026-04-16T11:27:52","modified_gmt":"2026-04-16T11:27:52","slug":"bracelet-perles-bleu-pastel","status":"publish","type":"product","link":"https:\/\/xn--elocra-fva.fr\/index.php\/product\/bracelet-perles-bleu-pastel\/","title":{"rendered":"\u00c9clat Marin"},"content":{"rendered":"<p><strong>Trio unique\u00a0<\/strong><\/p>\n<p>Lot de 3 bracelets \u00e0 porter seuls ou ensemble pour varier les styles.<\/p>\n<p>Craque pour ces jolis bracelets en perles aux tons bleu pastel, d\u00e9licat et lumineux \u2728<br \/>\nUn bijou fait main, parfait pour apporter une touche douce et \u00e9l\u00e9gante \u00e0 ton poignet.<\/p>\n<p><strong>D\u00e9tails du produit :<\/strong><\/p>\n<p>Perles fines bleu clair, blanc et turquoise<br \/>\nPendentif c\u0153ur argent\u00e9<br \/>\nBracelet l\u00e9ger et confortable<br \/>\nPeut se porter seul ou en trio<br \/>\nStyle boh\u00e8me \/ romantique<\/p>\n<p>Id\u00e9al pour :<br \/>\nCadeau femme (anniversaire, f\u00eate, No\u00ebl\u2026)<br \/>\nAccessoire \u00e9t\u00e9 \/ vacances<br \/>\nBijou discret du quotidien<\/p>\n<p>\ud83d\udcab Chaque pi\u00e8ce est r\u00e9alis\u00e9e \u00e0 la main avec soin, ce qui la rend unique.<\/p>\n","protected":false},"excerpt":{"rendered":"<p>Trio unique\u00a0 Lot de 3 bracelets \u00e0 porter seuls ou ensemble pour varier les styles. Craque pour ces jolis bracelets en perles aux tons bleu pastel, d\u00e9licat et lumineux \u2728 Un bijou fait main, parfait pour apporter une touche douce et \u00e9l\u00e9gante \u00e0 ton poignet. D\u00e9tails du produit : Perles fines bleu clair, blanc et &hellip; <\/p>\n<p class=\"link-more\"><a href=\"https:\/\/xn--elocra-fva.fr\/index.php\/product\/bracelet-perles-bleu-pastel\/\" class=\"more-link\">Lire la suite de<span class=\"screen-reader-text\">\u00ab\u00a0\u00c9clat Marin\u00a0\u00bb<\/span><\/a><\/p>\n","protected":false},"featured_media":427,"comment_status":"open","ping_status":"closed","template":"","meta":[],"product_brand":[],"product_cat":[23,46],"product_tag":[],"class_list":{"0":"post-426","1":"product","2":"type-product","3":"status-publish","4":"has-post-thumbnail","6":"product_cat-bracelets","7":"product_cat-reflets-damour","8":"product_shipping_class-leger-20g","10":"first","11":"instock","12":"sale","13":"shipping-taxable","14":"purchasable","15":"product-type-simple"},"yoast_head":"<!-- This site is optimized with the Yoast SEO plugin v27.3 - https:\/\/yoast.com\/product\/yoast-seo-wordpress\/ -->\n<title>\u00c9clat Marin - Elocr\u00e9a<\/title>\n<meta name=\"robots\" content=\"index, follow, max-snippet:-1, max-image-preview:large, max-video-preview:-1\" \/>\n<link rel=\"canonical\" href=\"https:\/\/xn--elocra-fva.fr\/index.php\/product\/bracelet-perles-bleu-pastel\/\" \/>\n<meta property=\"og:locale\" content=\"fr_FR\" \/>\n<meta property=\"og:type\" content=\"article\" \/>\n<meta property=\"og:title\" content=\"\u00c9clat Marin - Elocr\u00e9a\" \/>\n<meta property=\"og:description\" content=\"Trio unique\u00a0 Lot de 3 bracelets \u00e0 porter seuls ou ensemble pour varier les styles. Craque pour ces jolis bracelets en perles aux tons bleu pastel, d\u00e9licat et lumineux \u2728 Un bijou fait main, parfait pour apporter une touche douce et \u00e9l\u00e9gante \u00e0 ton poignet. D\u00e9tails du produit : Perles fines bleu clair, blanc et &hellip; Lire la suite de\u00ab\u00a0\u00c9clat Marin\u00a0\u00bb\" \/>\n<meta property=\"og:url\" content=\"https:\/\/xn--elocra-fva.fr\/index.php\/product\/bracelet-perles-bleu-pastel\/\" \/>\n<meta property=\"og:site_name\" content=\"Elocr\u00e9a\" \/>\n<meta property=\"article:modified_time\" content=\"2026-04-16T11:27:52+00:00\" \/>\n<meta property=\"og:image\" content=\"https:\/\/xn--elocra-fva.fr\/wp-content\/uploads\/2026\/04\/Image-105.jpeg\" \/>\n\t<meta property=\"og:image:width\" content=\"1588\" \/>\n\t<meta property=\"og:image:height\" content=\"2109\" \/>\n\t<meta property=\"og:image:type\" content=\"image\/jpeg\" \/>\n<meta name=\"twitter:card\" content=\"summary_large_image\" \/>\n<meta name=\"twitter:label1\" content=\"Dur\u00e9e de lecture estim\u00e9e\" \/>\n\t<meta name=\"twitter:data1\" content=\"1 minute\" \/>\n<script type=\"application\/ld+json\" class=\"yoast-schema-graph\">{\"@context\":\"https:\\\/\\\/schema.org\",\"@graph\":[{\"@type\":\"WebPage\",\"@id\":\"https:\\\/\\\/xn--elocra-fva.fr\\\/index.php\\\/product\\\/bracelet-perles-bleu-pastel\\\/\",\"url\":\"https:\\\/\\\/xn--elocra-fva.fr\\\/index.php\\\/product\\\/bracelet-perles-bleu-pastel\\\/\",\"name\":\"\u00c9clat Marin - Elocr\u00e9a\",\"isPartOf\":{\"@id\":\"https:\\\/\\\/xn--elocra-fva.fr\\\/#website\"},\"primaryImageOfPage\":{\"@id\":\"https:\\\/\\\/xn--elocra-fva.fr\\\/index.php\\\/product\\\/bracelet-perles-bleu-pastel\\\/#primaryimage\"},\"image\":{\"@id\":\"https:\\\/\\\/xn--elocra-fva.fr\\\/index.php\\\/product\\\/bracelet-perles-bleu-pastel\\\/#primaryimage\"},\"thumbnailUrl\":\"https:\\\/\\\/xn--elocra-fva.fr\\\/wp-content\\\/uploads\\\/2026\\\/04\\\/Image-105.jpeg\",\"datePublished\":\"2026-04-02T09:03:55+00:00\",\"dateModified\":\"2026-04-16T11:27:52+00:00\",\"breadcrumb\":{\"@id\":\"https:\\\/\\\/xn--elocra-fva.fr\\\/index.php\\\/product\\\/bracelet-perles-bleu-pastel\\\/#breadcrumb\"},\"inLanguage\":\"fr-FR\",\"potentialAction\":[{\"@type\":\"ReadAction\",\"target\":[\"https:\\\/\\\/xn--elocra-fva.fr\\\/index.php\\\/product\\\/bracelet-perles-bleu-pastel\\\/\"]}]},{\"@type\":\"ImageObject\",\"inLanguage\":\"fr-FR\",\"@id\":\"https:\\\/\\\/xn--elocra-fva.fr\\\/index.php\\\/product\\\/bracelet-perles-bleu-pastel\\\/#primaryimage\",\"url\":\"https:\\\/\\\/xn--elocra-fva.fr\\\/wp-content\\\/uploads\\\/2026\\\/04\\\/Image-105.jpeg\",\"contentUrl\":\"https:\\\/\\\/xn--elocra-fva.fr\\\/wp-content\\\/uploads\\\/2026\\\/04\\\/Image-105.jpeg\",\"width\":1588,\"height\":2109},{\"@type\":\"BreadcrumbList\",\"@id\":\"https:\\\/\\\/xn--elocra-fva.fr\\\/index.php\\\/product\\\/bracelet-perles-bleu-pastel\\\/#breadcrumb\",\"itemListElement\":[{\"@type\":\"ListItem\",\"position\":1,\"name\":\"Accueil\",\"item\":\"https:\\\/\\\/xn--elocra-fva.fr\\\/\"},{\"@type\":\"ListItem\",\"position\":2,\"name\":\"Boutique\",\"item\":\"https:\\\/\\\/xn--elocra-fva.fr\\\/index.php\\\/boutique-elocrea\\\/\"},{\"@type\":\"ListItem\",\"position\":3,\"name\":\"\u00c9clat Marin\"}]},{\"@type\":\"WebSite\",\"@id\":\"https:\\\/\\\/xn--elocra-fva.fr\\\/#website\",\"url\":\"https:\\\/\\\/xn--elocra-fva.fr\\\/\",\"name\":\"Elocr\u00e9a\",\"description\":\"\",\"publisher\":{\"@id\":\"https:\\\/\\\/xn--elocra-fva.fr\\\/#\\\/schema\\\/person\\\/ee750f99c271d684532997e1cb559d0d\"},\"potentialAction\":[{\"@type\":\"SearchAction\",\"target\":{\"@type\":\"EntryPoint\",\"urlTemplate\":\"https:\\\/\\\/xn--elocra-fva.fr\\\/?s={search_term_string}\"},\"query-input\":{\"@type\":\"PropertyValueSpecification\",\"valueRequired\":true,\"valueName\":\"search_term_string\"}}],\"inLanguage\":\"fr-FR\"},{\"@type\":[\"Person\",\"Organization\"],\"@id\":\"https:\\\/\\\/xn--elocra-fva.fr\\\/#\\\/schema\\\/person\\\/ee750f99c271d684532997e1cb559d0d\",\"name\":\"Sophia Vernier\",\"image\":{\"@type\":\"ImageObject\",\"inLanguage\":\"fr-FR\",\"@id\":\"https:\\\/\\\/xn--elocra-fva.fr\\\/wp-content\\\/uploads\\\/2026\\\/03\\\/cropped-Logo-elocrea.jpg\",\"url\":\"https:\\\/\\\/xn--elocra-fva.fr\\\/wp-content\\\/uploads\\\/2026\\\/03\\\/cropped-Logo-elocrea.jpg\",\"contentUrl\":\"https:\\\/\\\/xn--elocra-fva.fr\\\/wp-content\\\/uploads\\\/2026\\\/03\\\/cropped-Logo-elocrea.jpg\",\"width\":1024,\"height\":1024,\"caption\":\"Sophia Vernier\"},\"logo\":{\"@id\":\"https:\\\/\\\/xn--elocra-fva.fr\\\/wp-content\\\/uploads\\\/2026\\\/03\\\/cropped-Logo-elocrea.jpg\"},\"sameAs\":[\"http:\\\/\\\/xn--elocra-fva.fr\"]}]}<\/script>\n<!-- \/ Yoast SEO plugin. -->","yoast_head_json":{"title":"\u00c9clat Marin - Elocr\u00e9a","robots":{"index":"index","follow":"follow","max-snippet":"max-snippet:-1","max-image-preview":"max-image-preview:large","max-video-preview":"max-video-preview:-1"},"canonical":"https:\/\/xn--elocra-fva.fr\/index.php\/product\/bracelet-perles-bleu-pastel\/","og_locale":"fr_FR","og_type":"article","og_title":"\u00c9clat Marin - Elocr\u00e9a","og_description":"Trio unique\u00a0 Lot de 3 bracelets \u00e0 porter seuls ou ensemble pour varier les styles. Craque pour ces jolis bracelets en perles aux tons bleu pastel, d\u00e9licat et lumineux \u2728 Un bijou fait main, parfait pour apporter une touche douce et \u00e9l\u00e9gante \u00e0 ton poignet. D\u00e9tails du produit : Perles fines bleu clair, blanc et &hellip; Lire la suite de\u00ab\u00a0\u00c9clat Marin\u00a0\u00bb","og_url":"https:\/\/xn--elocra-fva.fr\/index.php\/product\/bracelet-perles-bleu-pastel\/","og_site_name":"Elocr\u00e9a","article_modified_time":"2026-04-16T11:27:52+00:00","og_image":[{"width":1588,"height":2109,"url":"https:\/\/xn--elocra-fva.fr\/wp-content\/uploads\/2026\/04\/Image-105.jpeg","type":"image\/jpeg"}],"twitter_card":"summary_large_image","twitter_misc":{"Dur\u00e9e de lecture estim\u00e9e":"1 minute"},"schema":{"@context":"https:\/\/schema.org","@graph":[{"@type":"WebPage","@id":"https:\/\/xn--elocra-fva.fr\/index.php\/product\/bracelet-perles-bleu-pastel\/","url":"https:\/\/xn--elocra-fva.fr\/index.php\/product\/bracelet-perles-bleu-pastel\/","name":"\u00c9clat Marin - Elocr\u00e9a","isPartOf":{"@id":"https:\/\/xn--elocra-fva.fr\/#website"},"primaryImageOfPage":{"@id":"https:\/\/xn--elocra-fva.fr\/index.php\/product\/bracelet-perles-bleu-pastel\/#primaryimage"},"image":{"@id":"https:\/\/xn--elocra-fva.fr\/index.php\/product\/bracelet-perles-bleu-pastel\/#primaryimage"},"thumbnailUrl":"https:\/\/xn--elocra-fva.fr\/wp-content\/uploads\/2026\/04\/Image-105.jpeg","datePublished":"2026-04-02T09:03:55+00:00","dateModified":"2026-04-16T11:27:52+00:00","breadcrumb":{"@id":"https:\/\/xn--elocra-fva.fr\/index.php\/product\/bracelet-perles-bleu-pastel\/#breadcrumb"},"inLanguage":"fr-FR","potentialAction":[{"@type":"ReadAction","target":["https:\/\/xn--elocra-fva.fr\/index.php\/product\/bracelet-perles-bleu-pastel\/"]}]},{"@type":"ImageObject","inLanguage":"fr-FR","@id":"https:\/\/xn--elocra-fva.fr\/index.php\/product\/bracelet-perles-bleu-pastel\/#primaryimage","url":"https:\/\/xn--elocra-fva.fr\/wp-content\/uploads\/2026\/04\/Image-105.jpeg","contentUrl":"https:\/\/xn--elocra-fva.fr\/wp-content\/uploads\/2026\/04\/Image-105.jpeg","width":1588,"height":2109},{"@type":"BreadcrumbList","@id":"https:\/\/xn--elocra-fva.fr\/index.php\/product\/bracelet-perles-bleu-pastel\/#breadcrumb","itemListElement":[{"@type":"ListItem","position":1,"name":"Accueil","item":"https:\/\/xn--elocra-fva.fr\/"},{"@type":"ListItem","position":2,"name":"Boutique","item":"https:\/\/xn--elocra-fva.fr\/index.php\/boutique-elocrea\/"},{"@type":"ListItem","position":3,"name":"\u00c9clat Marin"}]},{"@type":"WebSite","@id":"https:\/\/xn--elocra-fva.fr\/#website","url":"https:\/\/xn--elocra-fva.fr\/","name":"Elocr\u00e9a","description":"","publisher":{"@id":"https:\/\/xn--elocra-fva.fr\/#\/schema\/person\/ee750f99c271d684532997e1cb559d0d"},"potentialAction":[{"@type":"SearchAction","target":{"@type":"EntryPoint","urlTemplate":"https:\/\/xn--elocra-fva.fr\/?s={search_term_string}"},"query-input":{"@type":"PropertyValueSpecification","valueRequired":true,"valueName":"search_term_string"}}],"inLanguage":"fr-FR"},{"@type":["Person","Organization"],"@id":"https:\/\/xn--elocra-fva.fr\/#\/schema\/person\/ee750f99c271d684532997e1cb559d0d","name":"Sophia Vernier","image":{"@type":"ImageObject","inLanguage":"fr-FR","@id":"https:\/\/xn--elocra-fva.fr\/wp-content\/uploads\/2026\/03\/cropped-Logo-elocrea.jpg","url":"https:\/\/xn--elocra-fva.fr\/wp-content\/uploads\/2026\/03\/cropped-Logo-elocrea.jpg","contentUrl":"https:\/\/xn--elocra-fva.fr\/wp-content\/uploads\/2026\/03\/cropped-Logo-elocrea.jpg","width":1024,"height":1024,"caption":"Sophia Vernier"},"logo":{"@id":"https:\/\/xn--elocra-fva.fr\/wp-content\/uploads\/2026\/03\/cropped-Logo-elocrea.jpg"},"sameAs":["http:\/\/xn--elocra-fva.fr"]}]}},"jetpack_sharing_enabled":true,"_links":{"self":[{"href":"https:\/\/xn--elocra-fva.fr\/index.php\/wp-json\/wp\/v2\/product\/426","targetHints":{"allow":["GET"]}}],"collection":[{"href":"https:\/\/xn--elocra-fva.fr\/index.php\/wp-json\/wp\/v2\/product"}],"about":[{"href":"https:\/\/xn--elocra-fva.fr\/index.php\/wp-json\/wp\/v2\/types\/product"}],"replies":[{"embeddable":true,"href":"https:\/\/xn--elocra-fva.fr\/index.php\/wp-json\/wp\/v2\/comments?post=426"}],"wp:featuredmedia":[{"embeddable":true,"href":"https:\/\/xn--elocra-fva.fr\/index.php\/wp-json\/wp\/v2\/media\/427"}],"wp:attachment":[{"href":"https:\/\/xn--elocra-fva.fr\/index.php\/wp-json\/wp\/v2\/media?parent=426"}],"wp:term":[{"taxonomy":"product_brand","embeddable":true,"href":"https:\/\/xn--elocra-fva.fr\/index.php\/wp-json\/wp\/v2\/product_brand?post=426"},{"taxonomy":"product_cat","embeddable":true,"href":"https:\/\/xn--elocra-fva.fr\/index.php\/wp-json\/wp\/v2\/product_cat?post=426"},{"taxonomy":"product_tag","embeddable":true,"href":"https:\/\/xn--elocra-fva.fr\/index.php\/wp-json\/wp\/v2\/product_tag?post=426"}],"curies":[{"name":"wp","href":"https:\/\/api.w.org\/{rel}","templated":true}]}}