{"id":430,"date":"2026-04-02T09:06:17","date_gmt":"2026-04-02T09:06:17","guid":{"rendered":"https:\/\/xn--elocra-fva.fr\/?post_type=product&#038;p=430"},"modified":"2026-04-16T11:25:09","modified_gmt":"2026-04-16T11:25:09","slug":"lot-de-3-bracelets-perles-roses","status":"publish","type":"product","link":"https:\/\/xn--elocra-fva.fr\/index.php\/product\/lot-de-3-bracelets-perles-roses\/","title":{"rendered":"Lien d\u2019Amour"},"content":{"rendered":"<p><strong>Trio unique\u00a0<\/strong><\/p>\n<p>Craquez pour ce lot de 3 bracelets en perles roses, orn\u00e9s d\u2019un pendentif c\u0153ur argent\u00e9, enti\u00e8rement faits main avec soin.<\/p>\n<p>Chaque bracelet pr\u00e9sente de d\u00e9licates nuances de rose clair et rose framboise, permettant de les porter ensemble ou s\u00e9par\u00e9ment, selon vos envies. Ce trio de bracelets symbolise l\u2019amour, la douceur et le lien.<\/p>\n<p>Un ensemble romantique et f\u00e9minin, id\u00e9al pour offrir ou se faire plaisir.<\/p>\n<p>D\u00e9tails :<br \/>\n\u2022 Type : lot de 3 bracelets<br \/>\n\u2022 Couleurs : rose clair, rose fonc\u00e9 &amp; blanc<br \/>\n\u2022 Pendentif : c\u0153ur argent\u00e9<br \/>\n\u2022 Fermoirs : mousquetons argent\u00e9s<br \/>\n\u2022 Style : romantique, d\u00e9licat, f\u00e9minin<br \/>\n\u2022 Fabrication artisanale \u2013 fait main<br \/>\n\u2022 Chaque lot est unique<br \/>\n\u2022 Fils \u00e9lastique<\/p>\n<p>Longueur totale comprenant la chaine d&#8217;extension : environ 18 cm<\/p>\n<p><em><strong>Id\u00e9e cadeau parfaite pour la Saint-Valentin, un anniversaire ou une attention pleine d\u2019amour.<\/strong><\/em><\/p>\n","protected":false},"excerpt":{"rendered":"<p>Trio unique\u00a0 Craquez pour ce lot de 3 bracelets en perles roses, orn\u00e9s d\u2019un pendentif c\u0153ur argent\u00e9, enti\u00e8rement faits main avec soin. Chaque bracelet pr\u00e9sente de d\u00e9licates nuances de rose clair et rose framboise, permettant de les porter ensemble ou s\u00e9par\u00e9ment, selon vos envies. Ce trio de bracelets symbolise l\u2019amour, la douceur et le lien. &hellip; <\/p>\n<p class=\"link-more\"><a href=\"https:\/\/xn--elocra-fva.fr\/index.php\/product\/lot-de-3-bracelets-perles-roses\/\" class=\"more-link\">Lire la suite de<span class=\"screen-reader-text\">\u00ab\u00a0Lien d\u2019Amour\u00a0\u00bb<\/span><\/a><\/p>\n","protected":false},"featured_media":431,"comment_status":"open","ping_status":"closed","template":"","meta":[],"product_brand":[],"product_cat":[23,46],"product_tag":[],"class_list":{"0":"post-430","1":"product","2":"type-product","3":"status-publish","4":"has-post-thumbnail","6":"product_cat-bracelets","7":"product_cat-reflets-damour","8":"product_shipping_class-leger-20g","10":"first","11":"instock","12":"sale","13":"shipping-taxable","14":"purchasable","15":"product-type-simple"},"yoast_head":"<!-- This site is optimized with the Yoast SEO plugin v27.3 - https:\/\/yoast.com\/product\/yoast-seo-wordpress\/ -->\n<title>Lien d\u2019Amour - Elocr\u00e9a<\/title>\n<meta name=\"robots\" content=\"index, follow, max-snippet:-1, max-image-preview:large, max-video-preview:-1\" \/>\n<link rel=\"canonical\" href=\"https:\/\/xn--elocra-fva.fr\/index.php\/product\/lot-de-3-bracelets-perles-roses\/\" \/>\n<meta property=\"og:locale\" content=\"fr_FR\" \/>\n<meta property=\"og:type\" content=\"article\" \/>\n<meta property=\"og:title\" content=\"Lien d\u2019Amour - Elocr\u00e9a\" \/>\n<meta property=\"og:description\" content=\"Trio unique\u00a0 Craquez pour ce lot de 3 bracelets en perles roses, orn\u00e9s d\u2019un pendentif c\u0153ur argent\u00e9, enti\u00e8rement faits main avec soin. Chaque bracelet pr\u00e9sente de d\u00e9licates nuances de rose clair et rose framboise, permettant de les porter ensemble ou s\u00e9par\u00e9ment, selon vos envies. Ce trio de bracelets symbolise l\u2019amour, la douceur et le lien. &hellip; Lire la suite de\u00ab\u00a0Lien d\u2019Amour\u00a0\u00bb\" \/>\n<meta property=\"og:url\" content=\"https:\/\/xn--elocra-fva.fr\/index.php\/product\/lot-de-3-bracelets-perles-roses\/\" \/>\n<meta property=\"og:site_name\" content=\"Elocr\u00e9a\" \/>\n<meta property=\"article:modified_time\" content=\"2026-04-16T11:25:09+00:00\" \/>\n<meta property=\"og:image\" content=\"https:\/\/xn--elocra-fva.fr\/wp-content\/uploads\/2026\/04\/Image-108.jpeg\" \/>\n\t<meta property=\"og:image:width\" content=\"1588\" \/>\n\t<meta property=\"og:image:height\" content=\"2109\" \/>\n\t<meta property=\"og:image:type\" content=\"image\/jpeg\" \/>\n<meta name=\"twitter:card\" content=\"summary_large_image\" \/>\n<meta name=\"twitter:label1\" content=\"Dur\u00e9e de lecture estim\u00e9e\" \/>\n\t<meta name=\"twitter:data1\" content=\"1 minute\" \/>\n<script type=\"application\/ld+json\" class=\"yoast-schema-graph\">{\"@context\":\"https:\\\/\\\/schema.org\",\"@graph\":[{\"@type\":\"WebPage\",\"@id\":\"https:\\\/\\\/xn--elocra-fva.fr\\\/index.php\\\/product\\\/lot-de-3-bracelets-perles-roses\\\/\",\"url\":\"https:\\\/\\\/xn--elocra-fva.fr\\\/index.php\\\/product\\\/lot-de-3-bracelets-perles-roses\\\/\",\"name\":\"Lien d\u2019Amour - Elocr\u00e9a\",\"isPartOf\":{\"@id\":\"https:\\\/\\\/xn--elocra-fva.fr\\\/#website\"},\"primaryImageOfPage\":{\"@id\":\"https:\\\/\\\/xn--elocra-fva.fr\\\/index.php\\\/product\\\/lot-de-3-bracelets-perles-roses\\\/#primaryimage\"},\"image\":{\"@id\":\"https:\\\/\\\/xn--elocra-fva.fr\\\/index.php\\\/product\\\/lot-de-3-bracelets-perles-roses\\\/#primaryimage\"},\"thumbnailUrl\":\"https:\\\/\\\/xn--elocra-fva.fr\\\/wp-content\\\/uploads\\\/2026\\\/04\\\/Image-108.jpeg\",\"datePublished\":\"2026-04-02T09:06:17+00:00\",\"dateModified\":\"2026-04-16T11:25:09+00:00\",\"breadcrumb\":{\"@id\":\"https:\\\/\\\/xn--elocra-fva.fr\\\/index.php\\\/product\\\/lot-de-3-bracelets-perles-roses\\\/#breadcrumb\"},\"inLanguage\":\"fr-FR\",\"potentialAction\":[{\"@type\":\"ReadAction\",\"target\":[\"https:\\\/\\\/xn--elocra-fva.fr\\\/index.php\\\/product\\\/lot-de-3-bracelets-perles-roses\\\/\"]}]},{\"@type\":\"ImageObject\",\"inLanguage\":\"fr-FR\",\"@id\":\"https:\\\/\\\/xn--elocra-fva.fr\\\/index.php\\\/product\\\/lot-de-3-bracelets-perles-roses\\\/#primaryimage\",\"url\":\"https:\\\/\\\/xn--elocra-fva.fr\\\/wp-content\\\/uploads\\\/2026\\\/04\\\/Image-108.jpeg\",\"contentUrl\":\"https:\\\/\\\/xn--elocra-fva.fr\\\/wp-content\\\/uploads\\\/2026\\\/04\\\/Image-108.jpeg\",\"width\":1588,\"height\":2109},{\"@type\":\"BreadcrumbList\",\"@id\":\"https:\\\/\\\/xn--elocra-fva.fr\\\/index.php\\\/product\\\/lot-de-3-bracelets-perles-roses\\\/#breadcrumb\",\"itemListElement\":[{\"@type\":\"ListItem\",\"position\":1,\"name\":\"Accueil\",\"item\":\"https:\\\/\\\/xn--elocra-fva.fr\\\/\"},{\"@type\":\"ListItem\",\"position\":2,\"name\":\"Boutique\",\"item\":\"https:\\\/\\\/xn--elocra-fva.fr\\\/index.php\\\/boutique-elocrea\\\/\"},{\"@type\":\"ListItem\",\"position\":3,\"name\":\"Lien d\u2019Amour\"}]},{\"@type\":\"WebSite\",\"@id\":\"https:\\\/\\\/xn--elocra-fva.fr\\\/#website\",\"url\":\"https:\\\/\\\/xn--elocra-fva.fr\\\/\",\"name\":\"Elocr\u00e9a\",\"description\":\"\",\"publisher\":{\"@id\":\"https:\\\/\\\/xn--elocra-fva.fr\\\/#\\\/schema\\\/person\\\/ee750f99c271d684532997e1cb559d0d\"},\"potentialAction\":[{\"@type\":\"SearchAction\",\"target\":{\"@type\":\"EntryPoint\",\"urlTemplate\":\"https:\\\/\\\/xn--elocra-fva.fr\\\/?s={search_term_string}\"},\"query-input\":{\"@type\":\"PropertyValueSpecification\",\"valueRequired\":true,\"valueName\":\"search_term_string\"}}],\"inLanguage\":\"fr-FR\"},{\"@type\":[\"Person\",\"Organization\"],\"@id\":\"https:\\\/\\\/xn--elocra-fva.fr\\\/#\\\/schema\\\/person\\\/ee750f99c271d684532997e1cb559d0d\",\"name\":\"Sophia Vernier\",\"image\":{\"@type\":\"ImageObject\",\"inLanguage\":\"fr-FR\",\"@id\":\"https:\\\/\\\/xn--elocra-fva.fr\\\/wp-content\\\/uploads\\\/2026\\\/03\\\/cropped-Logo-elocrea.jpg\",\"url\":\"https:\\\/\\\/xn--elocra-fva.fr\\\/wp-content\\\/uploads\\\/2026\\\/03\\\/cropped-Logo-elocrea.jpg\",\"contentUrl\":\"https:\\\/\\\/xn--elocra-fva.fr\\\/wp-content\\\/uploads\\\/2026\\\/03\\\/cropped-Logo-elocrea.jpg\",\"width\":1024,\"height\":1024,\"caption\":\"Sophia Vernier\"},\"logo\":{\"@id\":\"https:\\\/\\\/xn--elocra-fva.fr\\\/wp-content\\\/uploads\\\/2026\\\/03\\\/cropped-Logo-elocrea.jpg\"},\"sameAs\":[\"http:\\\/\\\/xn--elocra-fva.fr\"]}]}<\/script>\n<!-- \/ Yoast SEO plugin. -->","yoast_head_json":{"title":"Lien d\u2019Amour - Elocr\u00e9a","robots":{"index":"index","follow":"follow","max-snippet":"max-snippet:-1","max-image-preview":"max-image-preview:large","max-video-preview":"max-video-preview:-1"},"canonical":"https:\/\/xn--elocra-fva.fr\/index.php\/product\/lot-de-3-bracelets-perles-roses\/","og_locale":"fr_FR","og_type":"article","og_title":"Lien d\u2019Amour - Elocr\u00e9a","og_description":"Trio unique\u00a0 Craquez pour ce lot de 3 bracelets en perles roses, orn\u00e9s d\u2019un pendentif c\u0153ur argent\u00e9, enti\u00e8rement faits main avec soin. Chaque bracelet pr\u00e9sente de d\u00e9licates nuances de rose clair et rose framboise, permettant de les porter ensemble ou s\u00e9par\u00e9ment, selon vos envies. Ce trio de bracelets symbolise l\u2019amour, la douceur et le lien. &hellip; Lire la suite de\u00ab\u00a0Lien d\u2019Amour\u00a0\u00bb","og_url":"https:\/\/xn--elocra-fva.fr\/index.php\/product\/lot-de-3-bracelets-perles-roses\/","og_site_name":"Elocr\u00e9a","article_modified_time":"2026-04-16T11:25:09+00:00","og_image":[{"width":1588,"height":2109,"url":"https:\/\/xn--elocra-fva.fr\/wp-content\/uploads\/2026\/04\/Image-108.jpeg","type":"image\/jpeg"}],"twitter_card":"summary_large_image","twitter_misc":{"Dur\u00e9e de lecture estim\u00e9e":"1 minute"},"schema":{"@context":"https:\/\/schema.org","@graph":[{"@type":"WebPage","@id":"https:\/\/xn--elocra-fva.fr\/index.php\/product\/lot-de-3-bracelets-perles-roses\/","url":"https:\/\/xn--elocra-fva.fr\/index.php\/product\/lot-de-3-bracelets-perles-roses\/","name":"Lien d\u2019Amour - Elocr\u00e9a","isPartOf":{"@id":"https:\/\/xn--elocra-fva.fr\/#website"},"primaryImageOfPage":{"@id":"https:\/\/xn--elocra-fva.fr\/index.php\/product\/lot-de-3-bracelets-perles-roses\/#primaryimage"},"image":{"@id":"https:\/\/xn--elocra-fva.fr\/index.php\/product\/lot-de-3-bracelets-perles-roses\/#primaryimage"},"thumbnailUrl":"https:\/\/xn--elocra-fva.fr\/wp-content\/uploads\/2026\/04\/Image-108.jpeg","datePublished":"2026-04-02T09:06:17+00:00","dateModified":"2026-04-16T11:25:09+00:00","breadcrumb":{"@id":"https:\/\/xn--elocra-fva.fr\/index.php\/product\/lot-de-3-bracelets-perles-roses\/#breadcrumb"},"inLanguage":"fr-FR","potentialAction":[{"@type":"ReadAction","target":["https:\/\/xn--elocra-fva.fr\/index.php\/product\/lot-de-3-bracelets-perles-roses\/"]}]},{"@type":"ImageObject","inLanguage":"fr-FR","@id":"https:\/\/xn--elocra-fva.fr\/index.php\/product\/lot-de-3-bracelets-perles-roses\/#primaryimage","url":"https:\/\/xn--elocra-fva.fr\/wp-content\/uploads\/2026\/04\/Image-108.jpeg","contentUrl":"https:\/\/xn--elocra-fva.fr\/wp-content\/uploads\/2026\/04\/Image-108.jpeg","width":1588,"height":2109},{"@type":"BreadcrumbList","@id":"https:\/\/xn--elocra-fva.fr\/index.php\/product\/lot-de-3-bracelets-perles-roses\/#breadcrumb","itemListElement":[{"@type":"ListItem","position":1,"name":"Accueil","item":"https:\/\/xn--elocra-fva.fr\/"},{"@type":"ListItem","position":2,"name":"Boutique","item":"https:\/\/xn--elocra-fva.fr\/index.php\/boutique-elocrea\/"},{"@type":"ListItem","position":3,"name":"Lien d\u2019Amour"}]},{"@type":"WebSite","@id":"https:\/\/xn--elocra-fva.fr\/#website","url":"https:\/\/xn--elocra-fva.fr\/","name":"Elocr\u00e9a","description":"","publisher":{"@id":"https:\/\/xn--elocra-fva.fr\/#\/schema\/person\/ee750f99c271d684532997e1cb559d0d"},"potentialAction":[{"@type":"SearchAction","target":{"@type":"EntryPoint","urlTemplate":"https:\/\/xn--elocra-fva.fr\/?s={search_term_string}"},"query-input":{"@type":"PropertyValueSpecification","valueRequired":true,"valueName":"search_term_string"}}],"inLanguage":"fr-FR"},{"@type":["Person","Organization"],"@id":"https:\/\/xn--elocra-fva.fr\/#\/schema\/person\/ee750f99c271d684532997e1cb559d0d","name":"Sophia Vernier","image":{"@type":"ImageObject","inLanguage":"fr-FR","@id":"https:\/\/xn--elocra-fva.fr\/wp-content\/uploads\/2026\/03\/cropped-Logo-elocrea.jpg","url":"https:\/\/xn--elocra-fva.fr\/wp-content\/uploads\/2026\/03\/cropped-Logo-elocrea.jpg","contentUrl":"https:\/\/xn--elocra-fva.fr\/wp-content\/uploads\/2026\/03\/cropped-Logo-elocrea.jpg","width":1024,"height":1024,"caption":"Sophia Vernier"},"logo":{"@id":"https:\/\/xn--elocra-fva.fr\/wp-content\/uploads\/2026\/03\/cropped-Logo-elocrea.jpg"},"sameAs":["http:\/\/xn--elocra-fva.fr"]}]}},"jetpack_sharing_enabled":true,"_links":{"self":[{"href":"https:\/\/xn--elocra-fva.fr\/index.php\/wp-json\/wp\/v2\/product\/430","targetHints":{"allow":["GET"]}}],"collection":[{"href":"https:\/\/xn--elocra-fva.fr\/index.php\/wp-json\/wp\/v2\/product"}],"about":[{"href":"https:\/\/xn--elocra-fva.fr\/index.php\/wp-json\/wp\/v2\/types\/product"}],"replies":[{"embeddable":true,"href":"https:\/\/xn--elocra-fva.fr\/index.php\/wp-json\/wp\/v2\/comments?post=430"}],"wp:featuredmedia":[{"embeddable":true,"href":"https:\/\/xn--elocra-fva.fr\/index.php\/wp-json\/wp\/v2\/media\/431"}],"wp:attachment":[{"href":"https:\/\/xn--elocra-fva.fr\/index.php\/wp-json\/wp\/v2\/media?parent=430"}],"wp:term":[{"taxonomy":"product_brand","embeddable":true,"href":"https:\/\/xn--elocra-fva.fr\/index.php\/wp-json\/wp\/v2\/product_brand?post=430"},{"taxonomy":"product_cat","embeddable":true,"href":"https:\/\/xn--elocra-fva.fr\/index.php\/wp-json\/wp\/v2\/product_cat?post=430"},{"taxonomy":"product_tag","embeddable":true,"href":"https:\/\/xn--elocra-fva.fr\/index.php\/wp-json\/wp\/v2\/product_tag?post=430"}],"curies":[{"name":"wp","href":"https:\/\/api.w.org\/{rel}","templated":true}]}}