{"id":462,"date":"2026-04-02T15:50:48","date_gmt":"2026-04-02T15:50:48","guid":{"rendered":"https:\/\/xn--elocra-fva.fr\/?post_type=product&#038;p=462"},"modified":"2026-04-16T11:04:40","modified_gmt":"2026-04-16T11:04:40","slug":"boucles-doreilles-coeur-noir","status":"publish","type":"product","link":"https:\/\/xn--elocra-fva.fr\/index.php\/product\/boucles-doreilles-coeur-noir\/","title":{"rendered":"C\u0153ur Sauvage"},"content":{"rendered":"<p><strong>Pi\u00e8ce unique\u00a0<\/strong><\/p>\n<p><strong>Principaux d\u00e9tails<\/strong><\/p>\n<ul>\n<li>Fabriqu\u00e9 par EloCr\u00e9a<\/li>\n<li>Envoy\u00e9 par une petite entreprise bas\u00e9e en France<\/li>\n<li>Longueur\u00a0: 4cm\u00a0; Largeur\u00a0: 2.5 cm<\/li>\n<\/ul>\n<p>Affirmez votre style avec ces boucles d\u2019oreilles au design unique m\u00ealant c\u0153ur noir et motif l\u00e9opard gris \ud83d\udda4\u2728<br \/>\nUn bijou moderne et audacieux qui apporte une touche chic et originale \u00e0 toutes vos tenues. Leur atout ? Un contraste \u00e9l\u00e9gant entre le noir profond et le motif textur\u00e9, sublim\u00e9 par un d\u00e9tail m\u00e9tallique raffin\u00e9.<\/p>\n<p>\u2699\ufe0f<strong>MAT\u00c9RIAU<\/strong><br \/>\nCuir.<br \/>\nPendentif en acier argent\u00e9<br \/>\nAttaches en acier inox couleur argent\u00e9.<br \/>\nAnneaux de liaison en acier argent\u00e9.<\/p>\n<p>\u26a0\ufe0f<strong>ENTRETIEN ET PR\u00c9CAUTIONS D&#8217;EMPLOI<\/strong><\/p>\n<p>Ne jamais stocker vos bijoux dans un endroit humide (une salle de bains, par exemple).<br \/>\nNe pas les mouiller.<br \/>\n\u00c9viter de vaporiser du parfum ou de la cr\u00e8me solaire dessus.<\/p>\n<p>\u2692 <strong>C\u00d4T\u00c9 ATELIER<\/strong><br \/>\nConfectionn\u00e9e \u00e0 la main en France, en tr\u00e8s petites quantit\u00e9s, chaque boucle d&#8217;oreille est unique et originale.<\/p>\n","protected":false},"excerpt":{"rendered":"<p>Pi\u00e8ce unique\u00a0 Principaux d\u00e9tails Fabriqu\u00e9 par EloCr\u00e9a Envoy\u00e9 par une petite entreprise bas\u00e9e en France Longueur\u00a0: 4cm\u00a0; Largeur\u00a0: 2.5 cm Affirmez votre style avec ces boucles d\u2019oreilles au design unique m\u00ealant c\u0153ur noir et motif l\u00e9opard gris \ud83d\udda4\u2728 Un bijou moderne et audacieux qui apporte une touche chic et originale \u00e0 toutes vos tenues. Leur &hellip; <\/p>\n<p class=\"link-more\"><a href=\"https:\/\/xn--elocra-fva.fr\/index.php\/product\/boucles-doreilles-coeur-noir\/\" class=\"more-link\">Lire la suite de<span class=\"screen-reader-text\">\u00ab\u00a0C\u0153ur Sauvage\u00a0\u00bb<\/span><\/a><\/p>\n","protected":false},"featured_media":463,"comment_status":"open","ping_status":"closed","template":"","meta":[],"product_brand":[],"product_cat":[25],"product_tag":[],"class_list":{"0":"post-462","1":"product","2":"type-product","3":"status-publish","4":"has-post-thumbnail","6":"product_cat-cuir","8":"first","9":"instock","10":"sale","11":"shipping-taxable","12":"purchasable","13":"product-type-simple"},"yoast_head":"<!-- This site is optimized with the Yoast SEO plugin v27.3 - https:\/\/yoast.com\/product\/yoast-seo-wordpress\/ -->\n<title>C\u0153ur Sauvage - Elocr\u00e9a<\/title>\n<meta name=\"robots\" content=\"index, follow, max-snippet:-1, max-image-preview:large, max-video-preview:-1\" \/>\n<link rel=\"canonical\" href=\"https:\/\/xn--elocra-fva.fr\/index.php\/product\/boucles-doreilles-coeur-noir\/\" \/>\n<meta property=\"og:locale\" content=\"fr_FR\" \/>\n<meta property=\"og:type\" content=\"article\" \/>\n<meta property=\"og:title\" content=\"C\u0153ur Sauvage - Elocr\u00e9a\" \/>\n<meta property=\"og:description\" content=\"Pi\u00e8ce unique\u00a0 Principaux d\u00e9tails Fabriqu\u00e9 par EloCr\u00e9a Envoy\u00e9 par une petite entreprise bas\u00e9e en France Longueur\u00a0: 4cm\u00a0; Largeur\u00a0: 2.5 cm Affirmez votre style avec ces boucles d\u2019oreilles au design unique m\u00ealant c\u0153ur noir et motif l\u00e9opard gris \ud83d\udda4\u2728 Un bijou moderne et audacieux qui apporte une touche chic et originale \u00e0 toutes vos tenues. Leur &hellip; Lire la suite de\u00ab\u00a0C\u0153ur Sauvage\u00a0\u00bb\" \/>\n<meta property=\"og:url\" content=\"https:\/\/xn--elocra-fva.fr\/index.php\/product\/boucles-doreilles-coeur-noir\/\" \/>\n<meta property=\"og:site_name\" content=\"Elocr\u00e9a\" \/>\n<meta property=\"article:modified_time\" content=\"2026-04-16T11:04:40+00:00\" \/>\n<meta property=\"og:image\" content=\"https:\/\/xn--elocra-fva.fr\/wp-content\/uploads\/2026\/04\/Image-132.jpeg\" \/>\n\t<meta property=\"og:image:width\" content=\"1526\" \/>\n\t<meta property=\"og:image:height\" content=\"2026\" \/>\n\t<meta property=\"og:image:type\" content=\"image\/jpeg\" \/>\n<meta name=\"twitter:card\" content=\"summary_large_image\" \/>\n<meta name=\"twitter:label1\" content=\"Dur\u00e9e de lecture estim\u00e9e\" \/>\n\t<meta name=\"twitter:data1\" content=\"1 minute\" \/>\n<script type=\"application\/ld+json\" class=\"yoast-schema-graph\">{\"@context\":\"https:\\\/\\\/schema.org\",\"@graph\":[{\"@type\":\"WebPage\",\"@id\":\"https:\\\/\\\/xn--elocra-fva.fr\\\/index.php\\\/product\\\/boucles-doreilles-coeur-noir\\\/\",\"url\":\"https:\\\/\\\/xn--elocra-fva.fr\\\/index.php\\\/product\\\/boucles-doreilles-coeur-noir\\\/\",\"name\":\"C\u0153ur Sauvage - Elocr\u00e9a\",\"isPartOf\":{\"@id\":\"https:\\\/\\\/xn--elocra-fva.fr\\\/#website\"},\"primaryImageOfPage\":{\"@id\":\"https:\\\/\\\/xn--elocra-fva.fr\\\/index.php\\\/product\\\/boucles-doreilles-coeur-noir\\\/#primaryimage\"},\"image\":{\"@id\":\"https:\\\/\\\/xn--elocra-fva.fr\\\/index.php\\\/product\\\/boucles-doreilles-coeur-noir\\\/#primaryimage\"},\"thumbnailUrl\":\"https:\\\/\\\/xn--elocra-fva.fr\\\/wp-content\\\/uploads\\\/2026\\\/04\\\/Image-132.jpeg\",\"datePublished\":\"2026-04-02T15:50:48+00:00\",\"dateModified\":\"2026-04-16T11:04:40+00:00\",\"breadcrumb\":{\"@id\":\"https:\\\/\\\/xn--elocra-fva.fr\\\/index.php\\\/product\\\/boucles-doreilles-coeur-noir\\\/#breadcrumb\"},\"inLanguage\":\"fr-FR\",\"potentialAction\":[{\"@type\":\"ReadAction\",\"target\":[\"https:\\\/\\\/xn--elocra-fva.fr\\\/index.php\\\/product\\\/boucles-doreilles-coeur-noir\\\/\"]}]},{\"@type\":\"ImageObject\",\"inLanguage\":\"fr-FR\",\"@id\":\"https:\\\/\\\/xn--elocra-fva.fr\\\/index.php\\\/product\\\/boucles-doreilles-coeur-noir\\\/#primaryimage\",\"url\":\"https:\\\/\\\/xn--elocra-fva.fr\\\/wp-content\\\/uploads\\\/2026\\\/04\\\/Image-132.jpeg\",\"contentUrl\":\"https:\\\/\\\/xn--elocra-fva.fr\\\/wp-content\\\/uploads\\\/2026\\\/04\\\/Image-132.jpeg\",\"width\":1526,\"height\":2026},{\"@type\":\"BreadcrumbList\",\"@id\":\"https:\\\/\\\/xn--elocra-fva.fr\\\/index.php\\\/product\\\/boucles-doreilles-coeur-noir\\\/#breadcrumb\",\"itemListElement\":[{\"@type\":\"ListItem\",\"position\":1,\"name\":\"Accueil\",\"item\":\"https:\\\/\\\/xn--elocra-fva.fr\\\/\"},{\"@type\":\"ListItem\",\"position\":2,\"name\":\"Boutique\",\"item\":\"https:\\\/\\\/xn--elocra-fva.fr\\\/index.php\\\/boutique-elocrea\\\/\"},{\"@type\":\"ListItem\",\"position\":3,\"name\":\"C\u0153ur Sauvage\"}]},{\"@type\":\"WebSite\",\"@id\":\"https:\\\/\\\/xn--elocra-fva.fr\\\/#website\",\"url\":\"https:\\\/\\\/xn--elocra-fva.fr\\\/\",\"name\":\"Elocr\u00e9a\",\"description\":\"\",\"publisher\":{\"@id\":\"https:\\\/\\\/xn--elocra-fva.fr\\\/#\\\/schema\\\/person\\\/ee750f99c271d684532997e1cb559d0d\"},\"potentialAction\":[{\"@type\":\"SearchAction\",\"target\":{\"@type\":\"EntryPoint\",\"urlTemplate\":\"https:\\\/\\\/xn--elocra-fva.fr\\\/?s={search_term_string}\"},\"query-input\":{\"@type\":\"PropertyValueSpecification\",\"valueRequired\":true,\"valueName\":\"search_term_string\"}}],\"inLanguage\":\"fr-FR\"},{\"@type\":[\"Person\",\"Organization\"],\"@id\":\"https:\\\/\\\/xn--elocra-fva.fr\\\/#\\\/schema\\\/person\\\/ee750f99c271d684532997e1cb559d0d\",\"name\":\"Sophia Vernier\",\"image\":{\"@type\":\"ImageObject\",\"inLanguage\":\"fr-FR\",\"@id\":\"https:\\\/\\\/xn--elocra-fva.fr\\\/wp-content\\\/uploads\\\/2026\\\/03\\\/cropped-Logo-elocrea.jpg\",\"url\":\"https:\\\/\\\/xn--elocra-fva.fr\\\/wp-content\\\/uploads\\\/2026\\\/03\\\/cropped-Logo-elocrea.jpg\",\"contentUrl\":\"https:\\\/\\\/xn--elocra-fva.fr\\\/wp-content\\\/uploads\\\/2026\\\/03\\\/cropped-Logo-elocrea.jpg\",\"width\":1024,\"height\":1024,\"caption\":\"Sophia Vernier\"},\"logo\":{\"@id\":\"https:\\\/\\\/xn--elocra-fva.fr\\\/wp-content\\\/uploads\\\/2026\\\/03\\\/cropped-Logo-elocrea.jpg\"},\"sameAs\":[\"http:\\\/\\\/xn--elocra-fva.fr\"]}]}<\/script>\n<!-- \/ Yoast SEO plugin. -->","yoast_head_json":{"title":"C\u0153ur Sauvage - Elocr\u00e9a","robots":{"index":"index","follow":"follow","max-snippet":"max-snippet:-1","max-image-preview":"max-image-preview:large","max-video-preview":"max-video-preview:-1"},"canonical":"https:\/\/xn--elocra-fva.fr\/index.php\/product\/boucles-doreilles-coeur-noir\/","og_locale":"fr_FR","og_type":"article","og_title":"C\u0153ur Sauvage - Elocr\u00e9a","og_description":"Pi\u00e8ce unique\u00a0 Principaux d\u00e9tails Fabriqu\u00e9 par EloCr\u00e9a Envoy\u00e9 par une petite entreprise bas\u00e9e en France Longueur\u00a0: 4cm\u00a0; Largeur\u00a0: 2.5 cm Affirmez votre style avec ces boucles d\u2019oreilles au design unique m\u00ealant c\u0153ur noir et motif l\u00e9opard gris \ud83d\udda4\u2728 Un bijou moderne et audacieux qui apporte une touche chic et originale \u00e0 toutes vos tenues. Leur &hellip; Lire la suite de\u00ab\u00a0C\u0153ur Sauvage\u00a0\u00bb","og_url":"https:\/\/xn--elocra-fva.fr\/index.php\/product\/boucles-doreilles-coeur-noir\/","og_site_name":"Elocr\u00e9a","article_modified_time":"2026-04-16T11:04:40+00:00","og_image":[{"width":1526,"height":2026,"url":"https:\/\/xn--elocra-fva.fr\/wp-content\/uploads\/2026\/04\/Image-132.jpeg","type":"image\/jpeg"}],"twitter_card":"summary_large_image","twitter_misc":{"Dur\u00e9e de lecture estim\u00e9e":"1 minute"},"schema":{"@context":"https:\/\/schema.org","@graph":[{"@type":"WebPage","@id":"https:\/\/xn--elocra-fva.fr\/index.php\/product\/boucles-doreilles-coeur-noir\/","url":"https:\/\/xn--elocra-fva.fr\/index.php\/product\/boucles-doreilles-coeur-noir\/","name":"C\u0153ur Sauvage - Elocr\u00e9a","isPartOf":{"@id":"https:\/\/xn--elocra-fva.fr\/#website"},"primaryImageOfPage":{"@id":"https:\/\/xn--elocra-fva.fr\/index.php\/product\/boucles-doreilles-coeur-noir\/#primaryimage"},"image":{"@id":"https:\/\/xn--elocra-fva.fr\/index.php\/product\/boucles-doreilles-coeur-noir\/#primaryimage"},"thumbnailUrl":"https:\/\/xn--elocra-fva.fr\/wp-content\/uploads\/2026\/04\/Image-132.jpeg","datePublished":"2026-04-02T15:50:48+00:00","dateModified":"2026-04-16T11:04:40+00:00","breadcrumb":{"@id":"https:\/\/xn--elocra-fva.fr\/index.php\/product\/boucles-doreilles-coeur-noir\/#breadcrumb"},"inLanguage":"fr-FR","potentialAction":[{"@type":"ReadAction","target":["https:\/\/xn--elocra-fva.fr\/index.php\/product\/boucles-doreilles-coeur-noir\/"]}]},{"@type":"ImageObject","inLanguage":"fr-FR","@id":"https:\/\/xn--elocra-fva.fr\/index.php\/product\/boucles-doreilles-coeur-noir\/#primaryimage","url":"https:\/\/xn--elocra-fva.fr\/wp-content\/uploads\/2026\/04\/Image-132.jpeg","contentUrl":"https:\/\/xn--elocra-fva.fr\/wp-content\/uploads\/2026\/04\/Image-132.jpeg","width":1526,"height":2026},{"@type":"BreadcrumbList","@id":"https:\/\/xn--elocra-fva.fr\/index.php\/product\/boucles-doreilles-coeur-noir\/#breadcrumb","itemListElement":[{"@type":"ListItem","position":1,"name":"Accueil","item":"https:\/\/xn--elocra-fva.fr\/"},{"@type":"ListItem","position":2,"name":"Boutique","item":"https:\/\/xn--elocra-fva.fr\/index.php\/boutique-elocrea\/"},{"@type":"ListItem","position":3,"name":"C\u0153ur Sauvage"}]},{"@type":"WebSite","@id":"https:\/\/xn--elocra-fva.fr\/#website","url":"https:\/\/xn--elocra-fva.fr\/","name":"Elocr\u00e9a","description":"","publisher":{"@id":"https:\/\/xn--elocra-fva.fr\/#\/schema\/person\/ee750f99c271d684532997e1cb559d0d"},"potentialAction":[{"@type":"SearchAction","target":{"@type":"EntryPoint","urlTemplate":"https:\/\/xn--elocra-fva.fr\/?s={search_term_string}"},"query-input":{"@type":"PropertyValueSpecification","valueRequired":true,"valueName":"search_term_string"}}],"inLanguage":"fr-FR"},{"@type":["Person","Organization"],"@id":"https:\/\/xn--elocra-fva.fr\/#\/schema\/person\/ee750f99c271d684532997e1cb559d0d","name":"Sophia Vernier","image":{"@type":"ImageObject","inLanguage":"fr-FR","@id":"https:\/\/xn--elocra-fva.fr\/wp-content\/uploads\/2026\/03\/cropped-Logo-elocrea.jpg","url":"https:\/\/xn--elocra-fva.fr\/wp-content\/uploads\/2026\/03\/cropped-Logo-elocrea.jpg","contentUrl":"https:\/\/xn--elocra-fva.fr\/wp-content\/uploads\/2026\/03\/cropped-Logo-elocrea.jpg","width":1024,"height":1024,"caption":"Sophia Vernier"},"logo":{"@id":"https:\/\/xn--elocra-fva.fr\/wp-content\/uploads\/2026\/03\/cropped-Logo-elocrea.jpg"},"sameAs":["http:\/\/xn--elocra-fva.fr"]}]}},"jetpack_sharing_enabled":true,"_links":{"self":[{"href":"https:\/\/xn--elocra-fva.fr\/index.php\/wp-json\/wp\/v2\/product\/462","targetHints":{"allow":["GET"]}}],"collection":[{"href":"https:\/\/xn--elocra-fva.fr\/index.php\/wp-json\/wp\/v2\/product"}],"about":[{"href":"https:\/\/xn--elocra-fva.fr\/index.php\/wp-json\/wp\/v2\/types\/product"}],"replies":[{"embeddable":true,"href":"https:\/\/xn--elocra-fva.fr\/index.php\/wp-json\/wp\/v2\/comments?post=462"}],"wp:featuredmedia":[{"embeddable":true,"href":"https:\/\/xn--elocra-fva.fr\/index.php\/wp-json\/wp\/v2\/media\/463"}],"wp:attachment":[{"href":"https:\/\/xn--elocra-fva.fr\/index.php\/wp-json\/wp\/v2\/media?parent=462"}],"wp:term":[{"taxonomy":"product_brand","embeddable":true,"href":"https:\/\/xn--elocra-fva.fr\/index.php\/wp-json\/wp\/v2\/product_brand?post=462"},{"taxonomy":"product_cat","embeddable":true,"href":"https:\/\/xn--elocra-fva.fr\/index.php\/wp-json\/wp\/v2\/product_cat?post=462"},{"taxonomy":"product_tag","embeddable":true,"href":"https:\/\/xn--elocra-fva.fr\/index.php\/wp-json\/wp\/v2\/product_tag?post=462"}],"curies":[{"name":"wp","href":"https:\/\/api.w.org\/{rel}","templated":true}]}}