{"id":483,"date":"2026-04-02T16:11:53","date_gmt":"2026-04-02T16:11:53","guid":{"rendered":"https:\/\/xn--elocra-fva.fr\/?post_type=product&#038;p=483"},"modified":"2026-04-16T14:56:47","modified_gmt":"2026-04-16T14:56:47","slug":"boucles-doreilles-creoles-coeur","status":"publish","type":"product","link":"https:\/\/xn--elocra-fva.fr\/index.php\/product\/boucles-doreilles-creoles-coeur\/","title":{"rendered":"Amour d\u2019Oc\u00e9an"},"content":{"rendered":"<p><strong>Principaux d\u00e9tails<\/strong><\/p>\n<ul>\n<li>Fabriqu\u00e9 par EloCr\u00e9a<\/li>\n<li>Envoy\u00e9 par une petite entreprise bas\u00e9e en France<\/li>\n<li>Longueur\u00a0: 5.5 cm\u00a0; Largeur\u00a0: 4 cm<\/li>\n<\/ul>\n<p>LE MOD\u00c8LE &#8220;<strong> Amour d\u2019Oc\u00e9an<\/strong>&#8221;<br \/>\nCes boucles d&#8217;oreilles, baptis\u00e9es &#8221; <strong>Amour d\u2019Oc\u00e9an<\/strong>&#8220;, font partie d\u2019une collection \u00e9ph\u00e9m\u00e8re de EloCr\u00e9a \u00ab\u00a0<strong>Bleu Lagon<\/strong>\u00a0\u00bb<\/p>\n<p>Ces boucles d\u2019oreilles associent un bleu lumineux aux nuances marbr\u00e9es \u00e0 une forme d\u00e9licate inspir\u00e9e de l\u2019oc\u00e9an, rehauss\u00e9e d\u2019un sequin c\u0153ur argent\u00e9 et d\u2019une attache c\u0153ur textur\u00e9e, \u00e9voquant le sable fin d\u00e9pos\u00e9 par les vagues sur la plage.<br \/>\nLe tout est recouvert de vernis pour un rendu brillant, id\u00e9al pour apporter fra\u00eecheur et l\u00e9g\u00e8ret\u00e9 \u00e0 vos tenues.<br \/>\nCr\u00e9\u00e9es \u00e0 la main, elles allient \u00e9l\u00e9gance et caract\u00e8re pour sublimer chaque instant.<\/p>\n<p>\u2699\ufe0f<strong>MAT\u00c9RIAU<\/strong><br \/>\nArgile polym\u00e8re, finition vernis.<br \/>\nAttaches en acier inox couleur argent\u00e9.<br \/>\nAnneaux de liaison en acier inox argent\u00e9.<br \/>\nPendentif acier inoxydable argent\u00e9<\/p>\n<p>\u26a0\ufe0f<strong>ENTRETIEN ET PR\u00c9CAUTIONS D&#8217;EMPLOI<\/strong><\/p>\n<p>Ne jamais stocker vos bijoux dans un endroit humide (une salle de bains, par exemple).<br \/>\nNe pas les mouiller.<br \/>\n\u00c9viter de vaporiser du parfum ou de la cr\u00e8me solaire dessus.<\/p>\n<p>\u2692 <strong>ENTRETIEN ET PR\u00c9CAUTIONS D&#8217;EMPLOI<\/strong><br \/>\nConfectionn\u00e9e \u00e0 la main en France, en tr\u00e8s petites quantit\u00e9s, chaque boucle d&#8217;oreille est unique et originale.<br \/>\nDes (infimes) variations de couleurs ou dans la disposition de certains motifs peuvent ainsi \u00eatre observ\u00e9es d&#8217;un mod\u00e8le \u00e0 l&#8217;autre.<br \/>\nPr\u00e9cisons enfin qu&#8217;avec l&#8217;argile polym\u00e8re, tout se cr\u00e9e, rien ne se perd et tout se transforme dans le processus de fabrication. C&#8217;est durable et \u00e9co-responsable.<\/p>\n<p>.<\/p>\n","protected":false},"excerpt":{"rendered":"<p>Principaux d\u00e9tails Fabriqu\u00e9 par EloCr\u00e9a Envoy\u00e9 par une petite entreprise bas\u00e9e en France Longueur\u00a0: 5.5 cm\u00a0; Largeur\u00a0: 4 cm LE MOD\u00c8LE &#8220; Amour d\u2019Oc\u00e9an&#8221; Ces boucles d&#8217;oreilles, baptis\u00e9es &#8221; Amour d\u2019Oc\u00e9an&#8220;, font partie d\u2019une collection \u00e9ph\u00e9m\u00e8re de EloCr\u00e9a \u00ab\u00a0Bleu Lagon\u00a0\u00bb Ces boucles d\u2019oreilles associent un bleu lumineux aux nuances marbr\u00e9es \u00e0 une forme d\u00e9licate inspir\u00e9e &hellip; <\/p>\n<p class=\"link-more\"><a href=\"https:\/\/xn--elocra-fva.fr\/index.php\/product\/boucles-doreilles-creoles-coeur\/\" class=\"more-link\">Lire la suite de<span class=\"screen-reader-text\">\u00ab\u00a0Amour d\u2019Oc\u00e9an\u00a0\u00bb<\/span><\/a><\/p>\n","protected":false},"featured_media":629,"comment_status":"open","ping_status":"closed","template":"","meta":[],"product_brand":[],"product_cat":[49,22],"product_tag":[],"class_list":{"0":"post-483","1":"product","2":"type-product","3":"status-publish","4":"has-post-thumbnail","6":"product_cat-bleu-lagon","7":"product_cat-boucles-fimo","8":"product_shipping_class-leger-20g","10":"first","11":"instock","12":"shipping-taxable","13":"purchasable","14":"product-type-simple"},"yoast_head":"<!-- This site is optimized with the Yoast SEO plugin v27.3 - https:\/\/yoast.com\/product\/yoast-seo-wordpress\/ -->\n<title>Amour d\u2019Oc\u00e9an - Elocr\u00e9a<\/title>\n<meta name=\"robots\" content=\"index, follow, max-snippet:-1, max-image-preview:large, max-video-preview:-1\" \/>\n<link rel=\"canonical\" href=\"https:\/\/xn--elocra-fva.fr\/index.php\/product\/boucles-doreilles-creoles-coeur\/\" \/>\n<meta property=\"og:locale\" content=\"fr_FR\" \/>\n<meta property=\"og:type\" content=\"article\" \/>\n<meta property=\"og:title\" content=\"Amour d\u2019Oc\u00e9an - Elocr\u00e9a\" \/>\n<meta property=\"og:description\" content=\"Principaux d\u00e9tails Fabriqu\u00e9 par EloCr\u00e9a Envoy\u00e9 par une petite entreprise bas\u00e9e en France Longueur\u00a0: 5.5 cm\u00a0; Largeur\u00a0: 4 cm LE MOD\u00c8LE &#8220; Amour d\u2019Oc\u00e9an&#8221; Ces boucles d&#8217;oreilles, baptis\u00e9es &#8221; Amour d\u2019Oc\u00e9an&#8220;, font partie d\u2019une collection \u00e9ph\u00e9m\u00e8re de EloCr\u00e9a \u00ab\u00a0Bleu Lagon\u00a0\u00bb Ces boucles d\u2019oreilles associent un bleu lumineux aux nuances marbr\u00e9es \u00e0 une forme d\u00e9licate inspir\u00e9e &hellip; Lire la suite de\u00ab\u00a0Amour d\u2019Oc\u00e9an\u00a0\u00bb\" \/>\n<meta property=\"og:url\" content=\"https:\/\/xn--elocra-fva.fr\/index.php\/product\/boucles-doreilles-creoles-coeur\/\" \/>\n<meta property=\"og:site_name\" content=\"Elocr\u00e9a\" \/>\n<meta property=\"article:modified_time\" content=\"2026-04-16T14:56:47+00:00\" \/>\n<meta property=\"og:image\" content=\"https:\/\/xn--elocra-fva.fr\/wp-content\/uploads\/2026\/04\/Amour-dOcean.jpg\" \/>\n\t<meta property=\"og:image:width\" content=\"1715\" \/>\n\t<meta property=\"og:image:height\" content=\"2278\" \/>\n\t<meta property=\"og:image:type\" content=\"image\/jpeg\" \/>\n<meta name=\"twitter:card\" content=\"summary_large_image\" \/>\n<meta name=\"twitter:label1\" content=\"Dur\u00e9e de lecture estim\u00e9e\" \/>\n\t<meta name=\"twitter:data1\" content=\"2 minutes\" \/>\n<script type=\"application\/ld+json\" class=\"yoast-schema-graph\">{\"@context\":\"https:\\\/\\\/schema.org\",\"@graph\":[{\"@type\":\"WebPage\",\"@id\":\"https:\\\/\\\/xn--elocra-fva.fr\\\/index.php\\\/product\\\/boucles-doreilles-creoles-coeur\\\/\",\"url\":\"https:\\\/\\\/xn--elocra-fva.fr\\\/index.php\\\/product\\\/boucles-doreilles-creoles-coeur\\\/\",\"name\":\"Amour d\u2019Oc\u00e9an - Elocr\u00e9a\",\"isPartOf\":{\"@id\":\"https:\\\/\\\/xn--elocra-fva.fr\\\/#website\"},\"primaryImageOfPage\":{\"@id\":\"https:\\\/\\\/xn--elocra-fva.fr\\\/index.php\\\/product\\\/boucles-doreilles-creoles-coeur\\\/#primaryimage\"},\"image\":{\"@id\":\"https:\\\/\\\/xn--elocra-fva.fr\\\/index.php\\\/product\\\/boucles-doreilles-creoles-coeur\\\/#primaryimage\"},\"thumbnailUrl\":\"https:\\\/\\\/xn--elocra-fva.fr\\\/wp-content\\\/uploads\\\/2026\\\/04\\\/Amour-dOcean.jpg\",\"datePublished\":\"2026-04-02T16:11:53+00:00\",\"dateModified\":\"2026-04-16T14:56:47+00:00\",\"breadcrumb\":{\"@id\":\"https:\\\/\\\/xn--elocra-fva.fr\\\/index.php\\\/product\\\/boucles-doreilles-creoles-coeur\\\/#breadcrumb\"},\"inLanguage\":\"fr-FR\",\"potentialAction\":[{\"@type\":\"ReadAction\",\"target\":[\"https:\\\/\\\/xn--elocra-fva.fr\\\/index.php\\\/product\\\/boucles-doreilles-creoles-coeur\\\/\"]}]},{\"@type\":\"ImageObject\",\"inLanguage\":\"fr-FR\",\"@id\":\"https:\\\/\\\/xn--elocra-fva.fr\\\/index.php\\\/product\\\/boucles-doreilles-creoles-coeur\\\/#primaryimage\",\"url\":\"https:\\\/\\\/xn--elocra-fva.fr\\\/wp-content\\\/uploads\\\/2026\\\/04\\\/Amour-dOcean.jpg\",\"contentUrl\":\"https:\\\/\\\/xn--elocra-fva.fr\\\/wp-content\\\/uploads\\\/2026\\\/04\\\/Amour-dOcean.jpg\",\"width\":1715,\"height\":2278},{\"@type\":\"BreadcrumbList\",\"@id\":\"https:\\\/\\\/xn--elocra-fva.fr\\\/index.php\\\/product\\\/boucles-doreilles-creoles-coeur\\\/#breadcrumb\",\"itemListElement\":[{\"@type\":\"ListItem\",\"position\":1,\"name\":\"Accueil\",\"item\":\"https:\\\/\\\/xn--elocra-fva.fr\\\/\"},{\"@type\":\"ListItem\",\"position\":2,\"name\":\"Boutique\",\"item\":\"https:\\\/\\\/xn--elocra-fva.fr\\\/index.php\\\/boutique-elocrea\\\/\"},{\"@type\":\"ListItem\",\"position\":3,\"name\":\"Amour d\u2019Oc\u00e9an\"}]},{\"@type\":\"WebSite\",\"@id\":\"https:\\\/\\\/xn--elocra-fva.fr\\\/#website\",\"url\":\"https:\\\/\\\/xn--elocra-fva.fr\\\/\",\"name\":\"Elocr\u00e9a\",\"description\":\"\",\"publisher\":{\"@id\":\"https:\\\/\\\/xn--elocra-fva.fr\\\/#\\\/schema\\\/person\\\/ee750f99c271d684532997e1cb559d0d\"},\"potentialAction\":[{\"@type\":\"SearchAction\",\"target\":{\"@type\":\"EntryPoint\",\"urlTemplate\":\"https:\\\/\\\/xn--elocra-fva.fr\\\/?s={search_term_string}\"},\"query-input\":{\"@type\":\"PropertyValueSpecification\",\"valueRequired\":true,\"valueName\":\"search_term_string\"}}],\"inLanguage\":\"fr-FR\"},{\"@type\":[\"Person\",\"Organization\"],\"@id\":\"https:\\\/\\\/xn--elocra-fva.fr\\\/#\\\/schema\\\/person\\\/ee750f99c271d684532997e1cb559d0d\",\"name\":\"Sophia Vernier\",\"image\":{\"@type\":\"ImageObject\",\"inLanguage\":\"fr-FR\",\"@id\":\"https:\\\/\\\/xn--elocra-fva.fr\\\/wp-content\\\/uploads\\\/2026\\\/03\\\/cropped-Logo-elocrea.jpg\",\"url\":\"https:\\\/\\\/xn--elocra-fva.fr\\\/wp-content\\\/uploads\\\/2026\\\/03\\\/cropped-Logo-elocrea.jpg\",\"contentUrl\":\"https:\\\/\\\/xn--elocra-fva.fr\\\/wp-content\\\/uploads\\\/2026\\\/03\\\/cropped-Logo-elocrea.jpg\",\"width\":1024,\"height\":1024,\"caption\":\"Sophia Vernier\"},\"logo\":{\"@id\":\"https:\\\/\\\/xn--elocra-fva.fr\\\/wp-content\\\/uploads\\\/2026\\\/03\\\/cropped-Logo-elocrea.jpg\"},\"sameAs\":[\"http:\\\/\\\/xn--elocra-fva.fr\"]}]}<\/script>\n<!-- \/ Yoast SEO plugin. -->","yoast_head_json":{"title":"Amour d\u2019Oc\u00e9an - Elocr\u00e9a","robots":{"index":"index","follow":"follow","max-snippet":"max-snippet:-1","max-image-preview":"max-image-preview:large","max-video-preview":"max-video-preview:-1"},"canonical":"https:\/\/xn--elocra-fva.fr\/index.php\/product\/boucles-doreilles-creoles-coeur\/","og_locale":"fr_FR","og_type":"article","og_title":"Amour d\u2019Oc\u00e9an - Elocr\u00e9a","og_description":"Principaux d\u00e9tails Fabriqu\u00e9 par EloCr\u00e9a Envoy\u00e9 par une petite entreprise bas\u00e9e en France Longueur\u00a0: 5.5 cm\u00a0; Largeur\u00a0: 4 cm LE MOD\u00c8LE &#8220; Amour d\u2019Oc\u00e9an&#8221; Ces boucles d&#8217;oreilles, baptis\u00e9es &#8221; Amour d\u2019Oc\u00e9an&#8220;, font partie d\u2019une collection \u00e9ph\u00e9m\u00e8re de EloCr\u00e9a \u00ab\u00a0Bleu Lagon\u00a0\u00bb Ces boucles d\u2019oreilles associent un bleu lumineux aux nuances marbr\u00e9es \u00e0 une forme d\u00e9licate inspir\u00e9e &hellip; Lire la suite de\u00ab\u00a0Amour d\u2019Oc\u00e9an\u00a0\u00bb","og_url":"https:\/\/xn--elocra-fva.fr\/index.php\/product\/boucles-doreilles-creoles-coeur\/","og_site_name":"Elocr\u00e9a","article_modified_time":"2026-04-16T14:56:47+00:00","og_image":[{"width":1715,"height":2278,"url":"https:\/\/xn--elocra-fva.fr\/wp-content\/uploads\/2026\/04\/Amour-dOcean.jpg","type":"image\/jpeg"}],"twitter_card":"summary_large_image","twitter_misc":{"Dur\u00e9e de lecture estim\u00e9e":"2 minutes"},"schema":{"@context":"https:\/\/schema.org","@graph":[{"@type":"WebPage","@id":"https:\/\/xn--elocra-fva.fr\/index.php\/product\/boucles-doreilles-creoles-coeur\/","url":"https:\/\/xn--elocra-fva.fr\/index.php\/product\/boucles-doreilles-creoles-coeur\/","name":"Amour d\u2019Oc\u00e9an - Elocr\u00e9a","isPartOf":{"@id":"https:\/\/xn--elocra-fva.fr\/#website"},"primaryImageOfPage":{"@id":"https:\/\/xn--elocra-fva.fr\/index.php\/product\/boucles-doreilles-creoles-coeur\/#primaryimage"},"image":{"@id":"https:\/\/xn--elocra-fva.fr\/index.php\/product\/boucles-doreilles-creoles-coeur\/#primaryimage"},"thumbnailUrl":"https:\/\/xn--elocra-fva.fr\/wp-content\/uploads\/2026\/04\/Amour-dOcean.jpg","datePublished":"2026-04-02T16:11:53+00:00","dateModified":"2026-04-16T14:56:47+00:00","breadcrumb":{"@id":"https:\/\/xn--elocra-fva.fr\/index.php\/product\/boucles-doreilles-creoles-coeur\/#breadcrumb"},"inLanguage":"fr-FR","potentialAction":[{"@type":"ReadAction","target":["https:\/\/xn--elocra-fva.fr\/index.php\/product\/boucles-doreilles-creoles-coeur\/"]}]},{"@type":"ImageObject","inLanguage":"fr-FR","@id":"https:\/\/xn--elocra-fva.fr\/index.php\/product\/boucles-doreilles-creoles-coeur\/#primaryimage","url":"https:\/\/xn--elocra-fva.fr\/wp-content\/uploads\/2026\/04\/Amour-dOcean.jpg","contentUrl":"https:\/\/xn--elocra-fva.fr\/wp-content\/uploads\/2026\/04\/Amour-dOcean.jpg","width":1715,"height":2278},{"@type":"BreadcrumbList","@id":"https:\/\/xn--elocra-fva.fr\/index.php\/product\/boucles-doreilles-creoles-coeur\/#breadcrumb","itemListElement":[{"@type":"ListItem","position":1,"name":"Accueil","item":"https:\/\/xn--elocra-fva.fr\/"},{"@type":"ListItem","position":2,"name":"Boutique","item":"https:\/\/xn--elocra-fva.fr\/index.php\/boutique-elocrea\/"},{"@type":"ListItem","position":3,"name":"Amour d\u2019Oc\u00e9an"}]},{"@type":"WebSite","@id":"https:\/\/xn--elocra-fva.fr\/#website","url":"https:\/\/xn--elocra-fva.fr\/","name":"Elocr\u00e9a","description":"","publisher":{"@id":"https:\/\/xn--elocra-fva.fr\/#\/schema\/person\/ee750f99c271d684532997e1cb559d0d"},"potentialAction":[{"@type":"SearchAction","target":{"@type":"EntryPoint","urlTemplate":"https:\/\/xn--elocra-fva.fr\/?s={search_term_string}"},"query-input":{"@type":"PropertyValueSpecification","valueRequired":true,"valueName":"search_term_string"}}],"inLanguage":"fr-FR"},{"@type":["Person","Organization"],"@id":"https:\/\/xn--elocra-fva.fr\/#\/schema\/person\/ee750f99c271d684532997e1cb559d0d","name":"Sophia Vernier","image":{"@type":"ImageObject","inLanguage":"fr-FR","@id":"https:\/\/xn--elocra-fva.fr\/wp-content\/uploads\/2026\/03\/cropped-Logo-elocrea.jpg","url":"https:\/\/xn--elocra-fva.fr\/wp-content\/uploads\/2026\/03\/cropped-Logo-elocrea.jpg","contentUrl":"https:\/\/xn--elocra-fva.fr\/wp-content\/uploads\/2026\/03\/cropped-Logo-elocrea.jpg","width":1024,"height":1024,"caption":"Sophia Vernier"},"logo":{"@id":"https:\/\/xn--elocra-fva.fr\/wp-content\/uploads\/2026\/03\/cropped-Logo-elocrea.jpg"},"sameAs":["http:\/\/xn--elocra-fva.fr"]}]}},"jetpack_sharing_enabled":true,"_links":{"self":[{"href":"https:\/\/xn--elocra-fva.fr\/index.php\/wp-json\/wp\/v2\/product\/483","targetHints":{"allow":["GET"]}}],"collection":[{"href":"https:\/\/xn--elocra-fva.fr\/index.php\/wp-json\/wp\/v2\/product"}],"about":[{"href":"https:\/\/xn--elocra-fva.fr\/index.php\/wp-json\/wp\/v2\/types\/product"}],"replies":[{"embeddable":true,"href":"https:\/\/xn--elocra-fva.fr\/index.php\/wp-json\/wp\/v2\/comments?post=483"}],"wp:featuredmedia":[{"embeddable":true,"href":"https:\/\/xn--elocra-fva.fr\/index.php\/wp-json\/wp\/v2\/media\/629"}],"wp:attachment":[{"href":"https:\/\/xn--elocra-fva.fr\/index.php\/wp-json\/wp\/v2\/media?parent=483"}],"wp:term":[{"taxonomy":"product_brand","embeddable":true,"href":"https:\/\/xn--elocra-fva.fr\/index.php\/wp-json\/wp\/v2\/product_brand?post=483"},{"taxonomy":"product_cat","embeddable":true,"href":"https:\/\/xn--elocra-fva.fr\/index.php\/wp-json\/wp\/v2\/product_cat?post=483"},{"taxonomy":"product_tag","embeddable":true,"href":"https:\/\/xn--elocra-fva.fr\/index.php\/wp-json\/wp\/v2\/product_tag?post=483"}],"curies":[{"name":"wp","href":"https:\/\/api.w.org\/{rel}","templated":true}]}}