{"id":495,"date":"2026-04-03T23:00:58","date_gmt":"2026-04-03T23:00:58","guid":{"rendered":"https:\/\/xn--elocra-fva.fr\/?post_type=product&#038;p=495"},"modified":"2026-04-16T09:46:59","modified_gmt":"2026-04-16T09:46:59","slug":"cacao-nacre","status":"publish","type":"product","link":"https:\/\/xn--elocra-fva.fr\/index.php\/product\/cacao-nacre\/","title":{"rendered":"Cacao Nacr\u00e9"},"content":{"rendered":"<p><strong>Pi\u00e8ce unique<\/strong><\/p>\n<p><strong>Principaux d\u00e9tails<\/strong><br \/>\n\u00b7 Fabriqu\u00e9 par EloCr\u00e9a<br \/>\n\u00b7 Envoy\u00e9 par une petite entreprise bas\u00e9e en France<br \/>\n\u00b7 Longueur : 4 cm ; Largeur : 2,5 cm<\/p>\n<p>LE MOD\u00c8LE \u00ab <strong>Cacao Nacr\u00e9<\/strong> \u00bb<br \/>\nCes boucles d\u2019oreilles, baptis\u00e9es \u00ab <strong>Cacao Nacr\u00e9<\/strong> \u00bb, font partie de la collection permanente de EloCr\u00e9a.<\/p>\n<p>Ces &#8220;BO&#8221; sont gourmandes ! Des couleurs obtenues gr\u00e2ce \u00e0 un m\u00e9lange de plusieurs argiles polym\u00e8res et \u00e0 l\u2019utilisation de poudre mica dor\u00e9 et argent\u00e9.Le tout recouvert d\u2019un vernis brillant et magnifi\u00e9 par une attache en acier inox couleur or brillant du plus bel effet et d\u2019une perle de Couleur blanche.<\/p>\n<p>\u2699\ufe0f <strong>MAT\u00c9RIAU<\/strong><br \/>\nArgile polym\u00e8re, poudre mica, finition vernis.<br \/>\nAttaches en acier inox couleur ou et perles blanches.<br \/>\nAnneaux de liaison en acier inox.<\/p>\n<p>\u26a0\ufe0f <strong>ENTRETIEN ET PR\u00c9CAUTIONS D\u2019EMPLOI<\/strong><br \/>\nNe jamais stocker vos bijoux dans un endroit humide (une Salle de Bains, par exemple).<br \/>\nNe pas les mouiller.<br \/>\n\u00c9viter de vaporiser du parfum ou de la cr\u00e8me solaire dessus.<\/p>\n<p>\u2692 <strong>C\u00d4T\u00c9 ATELIER<\/strong><br \/>\nConfectionn\u00e9e \u00e0 la main en France, en tr\u00e8s petites quantit\u00e9s, chaque boucle d\u2019oreille est unique et originale.<br \/>\nDes (infimes) variations de couleurs ou dans la disposition de certains motifs peuvent ainsi \u00eatre observ\u00e9es d\u2019un mod\u00e8le \u00e0 l\u2019autre.<br \/>\nPr\u00e9cisons enfin qu\u2019avec l\u2019argile polym\u00e8re, tout se cr\u00e9e, rien ne se perd et tout se transforme dans le processus de fabrication. C\u2019est durable et \u00e9co-responsable.<\/p>\n","protected":false},"excerpt":{"rendered":"<p>Pi\u00e8ce unique Principaux d\u00e9tails \u00b7 Fabriqu\u00e9 par EloCr\u00e9a \u00b7 Envoy\u00e9 par une petite entreprise bas\u00e9e en France \u00b7 Longueur : 4 cm ; Largeur : 2,5 cm LE MOD\u00c8LE \u00ab Cacao Nacr\u00e9 \u00bb Ces boucles d\u2019oreilles, baptis\u00e9es \u00ab Cacao Nacr\u00e9 \u00bb, font partie de la collection permanente de EloCr\u00e9a. Ces &#8220;BO&#8221; sont gourmandes ! Des &hellip; <\/p>\n<p class=\"link-more\"><a href=\"https:\/\/xn--elocra-fva.fr\/index.php\/product\/cacao-nacre\/\" class=\"more-link\">Lire la suite de<span class=\"screen-reader-text\">\u00ab\u00a0Cacao Nacr\u00e9\u00a0\u00bb<\/span><\/a><\/p>\n","protected":false},"featured_media":499,"comment_status":"open","ping_status":"closed","template":"","meta":[],"product_brand":[],"product_cat":[29],"product_tag":[],"class_list":{"0":"post-495","1":"product","2":"type-product","3":"status-publish","4":"has-post-thumbnail","6":"product_cat-les-chocolaites","8":"first","9":"instock","10":"shipping-taxable","11":"purchasable","12":"product-type-simple"},"yoast_head":"<!-- This site is optimized with the Yoast SEO plugin v27.3 - https:\/\/yoast.com\/product\/yoast-seo-wordpress\/ -->\n<title>Cacao Nacr\u00e9 - Elocr\u00e9a<\/title>\n<meta name=\"robots\" content=\"index, follow, max-snippet:-1, max-image-preview:large, max-video-preview:-1\" \/>\n<link rel=\"canonical\" href=\"https:\/\/xn--elocra-fva.fr\/index.php\/product\/cacao-nacre\/\" \/>\n<meta property=\"og:locale\" content=\"fr_FR\" \/>\n<meta property=\"og:type\" content=\"article\" \/>\n<meta property=\"og:title\" content=\"Cacao Nacr\u00e9 - Elocr\u00e9a\" \/>\n<meta property=\"og:description\" content=\"Pi\u00e8ce unique Principaux d\u00e9tails \u00b7 Fabriqu\u00e9 par EloCr\u00e9a \u00b7 Envoy\u00e9 par une petite entreprise bas\u00e9e en France \u00b7 Longueur : 4 cm ; Largeur : 2,5 cm LE MOD\u00c8LE \u00ab Cacao Nacr\u00e9 \u00bb Ces boucles d\u2019oreilles, baptis\u00e9es \u00ab Cacao Nacr\u00e9 \u00bb, font partie de la collection permanente de EloCr\u00e9a. Ces &#8220;BO&#8221; sont gourmandes ! Des &hellip; Lire la suite de\u00ab\u00a0Cacao Nacr\u00e9\u00a0\u00bb\" \/>\n<meta property=\"og:url\" content=\"https:\/\/xn--elocra-fva.fr\/index.php\/product\/cacao-nacre\/\" \/>\n<meta property=\"og:site_name\" content=\"Elocr\u00e9a\" \/>\n<meta property=\"article:modified_time\" content=\"2026-04-16T09:46:59+00:00\" \/>\n<meta property=\"og:image\" content=\"https:\/\/xn--elocra-fva.fr\/wp-content\/uploads\/2026\/04\/Image-1-scaled.jpeg\" \/>\n\t<meta property=\"og:image:width\" content=\"1841\" \/>\n\t<meta property=\"og:image:height\" content=\"2560\" \/>\n\t<meta property=\"og:image:type\" content=\"image\/jpeg\" \/>\n<meta name=\"twitter:card\" content=\"summary_large_image\" \/>\n<meta name=\"twitter:label1\" content=\"Dur\u00e9e de lecture estim\u00e9e\" \/>\n\t<meta name=\"twitter:data1\" content=\"2 minutes\" \/>\n<script type=\"application\/ld+json\" class=\"yoast-schema-graph\">{\"@context\":\"https:\\\/\\\/schema.org\",\"@graph\":[{\"@type\":\"WebPage\",\"@id\":\"https:\\\/\\\/xn--elocra-fva.fr\\\/index.php\\\/product\\\/cacao-nacre\\\/\",\"url\":\"https:\\\/\\\/xn--elocra-fva.fr\\\/index.php\\\/product\\\/cacao-nacre\\\/\",\"name\":\"Cacao Nacr\u00e9 - Elocr\u00e9a\",\"isPartOf\":{\"@id\":\"https:\\\/\\\/xn--elocra-fva.fr\\\/#website\"},\"primaryImageOfPage\":{\"@id\":\"https:\\\/\\\/xn--elocra-fva.fr\\\/index.php\\\/product\\\/cacao-nacre\\\/#primaryimage\"},\"image\":{\"@id\":\"https:\\\/\\\/xn--elocra-fva.fr\\\/index.php\\\/product\\\/cacao-nacre\\\/#primaryimage\"},\"thumbnailUrl\":\"https:\\\/\\\/xn--elocra-fva.fr\\\/wp-content\\\/uploads\\\/2026\\\/04\\\/Image-1-scaled.jpeg\",\"datePublished\":\"2026-04-03T23:00:58+00:00\",\"dateModified\":\"2026-04-16T09:46:59+00:00\",\"breadcrumb\":{\"@id\":\"https:\\\/\\\/xn--elocra-fva.fr\\\/index.php\\\/product\\\/cacao-nacre\\\/#breadcrumb\"},\"inLanguage\":\"fr-FR\",\"potentialAction\":[{\"@type\":\"ReadAction\",\"target\":[\"https:\\\/\\\/xn--elocra-fva.fr\\\/index.php\\\/product\\\/cacao-nacre\\\/\"]}]},{\"@type\":\"ImageObject\",\"inLanguage\":\"fr-FR\",\"@id\":\"https:\\\/\\\/xn--elocra-fva.fr\\\/index.php\\\/product\\\/cacao-nacre\\\/#primaryimage\",\"url\":\"https:\\\/\\\/xn--elocra-fva.fr\\\/wp-content\\\/uploads\\\/2026\\\/04\\\/Image-1-scaled.jpeg\",\"contentUrl\":\"https:\\\/\\\/xn--elocra-fva.fr\\\/wp-content\\\/uploads\\\/2026\\\/04\\\/Image-1-scaled.jpeg\",\"width\":1841,\"height\":2560},{\"@type\":\"BreadcrumbList\",\"@id\":\"https:\\\/\\\/xn--elocra-fva.fr\\\/index.php\\\/product\\\/cacao-nacre\\\/#breadcrumb\",\"itemListElement\":[{\"@type\":\"ListItem\",\"position\":1,\"name\":\"Accueil\",\"item\":\"https:\\\/\\\/xn--elocra-fva.fr\\\/\"},{\"@type\":\"ListItem\",\"position\":2,\"name\":\"Boutique\",\"item\":\"https:\\\/\\\/xn--elocra-fva.fr\\\/index.php\\\/boutique-elocrea\\\/\"},{\"@type\":\"ListItem\",\"position\":3,\"name\":\"Cacao Nacr\u00e9\"}]},{\"@type\":\"WebSite\",\"@id\":\"https:\\\/\\\/xn--elocra-fva.fr\\\/#website\",\"url\":\"https:\\\/\\\/xn--elocra-fva.fr\\\/\",\"name\":\"Elocr\u00e9a\",\"description\":\"\",\"publisher\":{\"@id\":\"https:\\\/\\\/xn--elocra-fva.fr\\\/#\\\/schema\\\/person\\\/ee750f99c271d684532997e1cb559d0d\"},\"potentialAction\":[{\"@type\":\"SearchAction\",\"target\":{\"@type\":\"EntryPoint\",\"urlTemplate\":\"https:\\\/\\\/xn--elocra-fva.fr\\\/?s={search_term_string}\"},\"query-input\":{\"@type\":\"PropertyValueSpecification\",\"valueRequired\":true,\"valueName\":\"search_term_string\"}}],\"inLanguage\":\"fr-FR\"},{\"@type\":[\"Person\",\"Organization\"],\"@id\":\"https:\\\/\\\/xn--elocra-fva.fr\\\/#\\\/schema\\\/person\\\/ee750f99c271d684532997e1cb559d0d\",\"name\":\"Sophia Vernier\",\"image\":{\"@type\":\"ImageObject\",\"inLanguage\":\"fr-FR\",\"@id\":\"https:\\\/\\\/xn--elocra-fva.fr\\\/wp-content\\\/uploads\\\/2026\\\/03\\\/cropped-Logo-elocrea.jpg\",\"url\":\"https:\\\/\\\/xn--elocra-fva.fr\\\/wp-content\\\/uploads\\\/2026\\\/03\\\/cropped-Logo-elocrea.jpg\",\"contentUrl\":\"https:\\\/\\\/xn--elocra-fva.fr\\\/wp-content\\\/uploads\\\/2026\\\/03\\\/cropped-Logo-elocrea.jpg\",\"width\":1024,\"height\":1024,\"caption\":\"Sophia Vernier\"},\"logo\":{\"@id\":\"https:\\\/\\\/xn--elocra-fva.fr\\\/wp-content\\\/uploads\\\/2026\\\/03\\\/cropped-Logo-elocrea.jpg\"},\"sameAs\":[\"http:\\\/\\\/xn--elocra-fva.fr\"]}]}<\/script>\n<!-- \/ Yoast SEO plugin. -->","yoast_head_json":{"title":"Cacao Nacr\u00e9 - Elocr\u00e9a","robots":{"index":"index","follow":"follow","max-snippet":"max-snippet:-1","max-image-preview":"max-image-preview:large","max-video-preview":"max-video-preview:-1"},"canonical":"https:\/\/xn--elocra-fva.fr\/index.php\/product\/cacao-nacre\/","og_locale":"fr_FR","og_type":"article","og_title":"Cacao Nacr\u00e9 - Elocr\u00e9a","og_description":"Pi\u00e8ce unique Principaux d\u00e9tails \u00b7 Fabriqu\u00e9 par EloCr\u00e9a \u00b7 Envoy\u00e9 par une petite entreprise bas\u00e9e en France \u00b7 Longueur : 4 cm ; Largeur : 2,5 cm LE MOD\u00c8LE \u00ab Cacao Nacr\u00e9 \u00bb Ces boucles d\u2019oreilles, baptis\u00e9es \u00ab Cacao Nacr\u00e9 \u00bb, font partie de la collection permanente de EloCr\u00e9a. Ces &#8220;BO&#8221; sont gourmandes ! Des &hellip; Lire la suite de\u00ab\u00a0Cacao Nacr\u00e9\u00a0\u00bb","og_url":"https:\/\/xn--elocra-fva.fr\/index.php\/product\/cacao-nacre\/","og_site_name":"Elocr\u00e9a","article_modified_time":"2026-04-16T09:46:59+00:00","og_image":[{"width":1841,"height":2560,"url":"https:\/\/xn--elocra-fva.fr\/wp-content\/uploads\/2026\/04\/Image-1-scaled.jpeg","type":"image\/jpeg"}],"twitter_card":"summary_large_image","twitter_misc":{"Dur\u00e9e de lecture estim\u00e9e":"2 minutes"},"schema":{"@context":"https:\/\/schema.org","@graph":[{"@type":"WebPage","@id":"https:\/\/xn--elocra-fva.fr\/index.php\/product\/cacao-nacre\/","url":"https:\/\/xn--elocra-fva.fr\/index.php\/product\/cacao-nacre\/","name":"Cacao Nacr\u00e9 - Elocr\u00e9a","isPartOf":{"@id":"https:\/\/xn--elocra-fva.fr\/#website"},"primaryImageOfPage":{"@id":"https:\/\/xn--elocra-fva.fr\/index.php\/product\/cacao-nacre\/#primaryimage"},"image":{"@id":"https:\/\/xn--elocra-fva.fr\/index.php\/product\/cacao-nacre\/#primaryimage"},"thumbnailUrl":"https:\/\/xn--elocra-fva.fr\/wp-content\/uploads\/2026\/04\/Image-1-scaled.jpeg","datePublished":"2026-04-03T23:00:58+00:00","dateModified":"2026-04-16T09:46:59+00:00","breadcrumb":{"@id":"https:\/\/xn--elocra-fva.fr\/index.php\/product\/cacao-nacre\/#breadcrumb"},"inLanguage":"fr-FR","potentialAction":[{"@type":"ReadAction","target":["https:\/\/xn--elocra-fva.fr\/index.php\/product\/cacao-nacre\/"]}]},{"@type":"ImageObject","inLanguage":"fr-FR","@id":"https:\/\/xn--elocra-fva.fr\/index.php\/product\/cacao-nacre\/#primaryimage","url":"https:\/\/xn--elocra-fva.fr\/wp-content\/uploads\/2026\/04\/Image-1-scaled.jpeg","contentUrl":"https:\/\/xn--elocra-fva.fr\/wp-content\/uploads\/2026\/04\/Image-1-scaled.jpeg","width":1841,"height":2560},{"@type":"BreadcrumbList","@id":"https:\/\/xn--elocra-fva.fr\/index.php\/product\/cacao-nacre\/#breadcrumb","itemListElement":[{"@type":"ListItem","position":1,"name":"Accueil","item":"https:\/\/xn--elocra-fva.fr\/"},{"@type":"ListItem","position":2,"name":"Boutique","item":"https:\/\/xn--elocra-fva.fr\/index.php\/boutique-elocrea\/"},{"@type":"ListItem","position":3,"name":"Cacao Nacr\u00e9"}]},{"@type":"WebSite","@id":"https:\/\/xn--elocra-fva.fr\/#website","url":"https:\/\/xn--elocra-fva.fr\/","name":"Elocr\u00e9a","description":"","publisher":{"@id":"https:\/\/xn--elocra-fva.fr\/#\/schema\/person\/ee750f99c271d684532997e1cb559d0d"},"potentialAction":[{"@type":"SearchAction","target":{"@type":"EntryPoint","urlTemplate":"https:\/\/xn--elocra-fva.fr\/?s={search_term_string}"},"query-input":{"@type":"PropertyValueSpecification","valueRequired":true,"valueName":"search_term_string"}}],"inLanguage":"fr-FR"},{"@type":["Person","Organization"],"@id":"https:\/\/xn--elocra-fva.fr\/#\/schema\/person\/ee750f99c271d684532997e1cb559d0d","name":"Sophia Vernier","image":{"@type":"ImageObject","inLanguage":"fr-FR","@id":"https:\/\/xn--elocra-fva.fr\/wp-content\/uploads\/2026\/03\/cropped-Logo-elocrea.jpg","url":"https:\/\/xn--elocra-fva.fr\/wp-content\/uploads\/2026\/03\/cropped-Logo-elocrea.jpg","contentUrl":"https:\/\/xn--elocra-fva.fr\/wp-content\/uploads\/2026\/03\/cropped-Logo-elocrea.jpg","width":1024,"height":1024,"caption":"Sophia Vernier"},"logo":{"@id":"https:\/\/xn--elocra-fva.fr\/wp-content\/uploads\/2026\/03\/cropped-Logo-elocrea.jpg"},"sameAs":["http:\/\/xn--elocra-fva.fr"]}]}},"jetpack_sharing_enabled":true,"_links":{"self":[{"href":"https:\/\/xn--elocra-fva.fr\/index.php\/wp-json\/wp\/v2\/product\/495","targetHints":{"allow":["GET"]}}],"collection":[{"href":"https:\/\/xn--elocra-fva.fr\/index.php\/wp-json\/wp\/v2\/product"}],"about":[{"href":"https:\/\/xn--elocra-fva.fr\/index.php\/wp-json\/wp\/v2\/types\/product"}],"replies":[{"embeddable":true,"href":"https:\/\/xn--elocra-fva.fr\/index.php\/wp-json\/wp\/v2\/comments?post=495"}],"wp:featuredmedia":[{"embeddable":true,"href":"https:\/\/xn--elocra-fva.fr\/index.php\/wp-json\/wp\/v2\/media\/499"}],"wp:attachment":[{"href":"https:\/\/xn--elocra-fva.fr\/index.php\/wp-json\/wp\/v2\/media?parent=495"}],"wp:term":[{"taxonomy":"product_brand","embeddable":true,"href":"https:\/\/xn--elocra-fva.fr\/index.php\/wp-json\/wp\/v2\/product_brand?post=495"},{"taxonomy":"product_cat","embeddable":true,"href":"https:\/\/xn--elocra-fva.fr\/index.php\/wp-json\/wp\/v2\/product_cat?post=495"},{"taxonomy":"product_tag","embeddable":true,"href":"https:\/\/xn--elocra-fva.fr\/index.php\/wp-json\/wp\/v2\/product_tag?post=495"}],"curies":[{"name":"wp","href":"https:\/\/api.w.org\/{rel}","templated":true}]}}