{"id":516,"date":"2026-04-03T23:22:59","date_gmt":"2026-04-03T23:22:59","guid":{"rendered":"https:\/\/xn--elocra-fva.fr\/?post_type=product&#038;p=516"},"modified":"2026-04-16T09:53:04","modified_gmt":"2026-04-16T09:53:04","slug":"ganache-doree","status":"publish","type":"product","link":"https:\/\/xn--elocra-fva.fr\/index.php\/product\/ganache-doree\/","title":{"rendered":"Ganache Dor\u00e9e"},"content":{"rendered":"<p><strong>Principaux d\u00e9tails<\/strong><br \/>\n\u00b7 Fabriqu\u00e9 par EloCr\u00e9a<br \/>\n\u00b7 Envoy\u00e9 par une petite entreprise bas\u00e9e en France<br \/>\n\u00b7 Longueur : 4,3 cm ; Largeur : 2,5 cm<\/p>\n<p>LE MOD\u00c8LE \u00ab <strong>Ganache Dor\u00e9e<\/strong> &#8221;<br \/>\nCes boucles d\u2019oreilles, baptis\u00e9es \u00ab <strong>Ganache Dor\u00e9e<\/strong> \u00bb, font partie de la collection permanente de EloCr\u00e9a, \u00ab<strong> Les Chocolaites<\/strong> \u00bb<\/p>\n<p>Ces \u00ab BO fleurs \u00bb sont gourmandes ! Des couleurs obtenues gr\u00e2ce \u00e0 un m\u00e9lange de plusieurs argiles polym\u00e8res et l\u2019utilisation d\u2019\u00e9clats de feuilles d\u2019or qui scintillent sous la lumi\u00e8re.<br \/>\nLe tout recouvert de r\u00e9sine pour un rendu brillant.<\/p>\n<p>\u2699\ufe0f<strong>MAT\u00c9RIAU<\/strong><br \/>\nArgile polym\u00e8re, feuille d\u2019or, finition r\u00e9sine.<\/p>\n<p>\u26a0\ufe0f<strong>ENTRETIEN ET PR\u00c9CAUTIONS D\u2019EMPLOI<\/strong><br \/>\nNe jamais stocker vos bijoux dans un endroit humide (une Salle de Bains, par exemple).<br \/>\nNe pas les mouiller.<br \/>\n\u00c9viter de vaporiser du parfum ou de la cr\u00e8me solaire dessus.<\/p>\n<p>\u2692 <strong>C\u00d4T\u00c9 ATELIER<\/strong><br \/>\nConfectionn\u00e9e \u00e0 la main en France, en tr\u00e8s petites quantit\u00e9s, chaque boucle d\u2019oreille est unique et originale.<br \/>\nDes (infimes) variations de couleurs ou dans la disposition de certains motifs peuvent ainsi \u00eatre observ\u00e9es d\u2019un mod\u00e8le \u00e0 l\u2019autre.<br \/>\nPr\u00e9cisons enfin qu\u2019avec l\u2019argile polym\u00e8re, tout se cr\u00e9e, rien ne se perd et tout se transforme dans le processus de fabrication. C\u2019est durable et \u00e9co-responsable.<\/p>\n","protected":false},"excerpt":{"rendered":"<p>Principaux d\u00e9tails \u00b7 Fabriqu\u00e9 par EloCr\u00e9a \u00b7 Envoy\u00e9 par une petite entreprise bas\u00e9e en France \u00b7 Longueur : 4,3 cm ; Largeur : 2,5 cm LE MOD\u00c8LE \u00ab Ganache Dor\u00e9e &#8221; Ces boucles d\u2019oreilles, baptis\u00e9es \u00ab Ganache Dor\u00e9e \u00bb, font partie de la collection permanente de EloCr\u00e9a, \u00ab Les Chocolaites \u00bb Ces \u00ab BO fleurs &hellip; <\/p>\n<p class=\"link-more\"><a href=\"https:\/\/xn--elocra-fva.fr\/index.php\/product\/ganache-doree\/\" class=\"more-link\">Lire la suite de<span class=\"screen-reader-text\">\u00ab\u00a0Ganache Dor\u00e9e\u00a0\u00bb<\/span><\/a><\/p>\n","protected":false},"featured_media":558,"comment_status":"open","ping_status":"closed","template":"","meta":[],"product_brand":[],"product_cat":[22,29],"product_tag":[],"class_list":{"0":"post-516","1":"product","2":"type-product","3":"status-publish","4":"has-post-thumbnail","6":"product_cat-boucles-fimo","7":"product_cat-les-chocolaites","8":"product_shipping_class-leger-20g","10":"first","11":"instock","12":"shipping-taxable","13":"purchasable","14":"product-type-simple"},"yoast_head":"<!-- This site is optimized with the Yoast SEO plugin v27.3 - https:\/\/yoast.com\/product\/yoast-seo-wordpress\/ -->\n<title>Ganache Dor\u00e9e - Elocr\u00e9a<\/title>\n<meta name=\"robots\" content=\"index, follow, max-snippet:-1, max-image-preview:large, max-video-preview:-1\" \/>\n<link rel=\"canonical\" href=\"https:\/\/xn--elocra-fva.fr\/index.php\/product\/ganache-doree\/\" \/>\n<meta property=\"og:locale\" content=\"fr_FR\" \/>\n<meta property=\"og:type\" content=\"article\" \/>\n<meta property=\"og:title\" content=\"Ganache Dor\u00e9e - Elocr\u00e9a\" \/>\n<meta property=\"og:description\" content=\"Principaux d\u00e9tails \u00b7 Fabriqu\u00e9 par EloCr\u00e9a \u00b7 Envoy\u00e9 par une petite entreprise bas\u00e9e en France \u00b7 Longueur : 4,3 cm ; Largeur : 2,5 cm LE MOD\u00c8LE \u00ab Ganache Dor\u00e9e &#8221; Ces boucles d\u2019oreilles, baptis\u00e9es \u00ab Ganache Dor\u00e9e \u00bb, font partie de la collection permanente de EloCr\u00e9a, \u00ab Les Chocolaites \u00bb Ces \u00ab BO fleurs &hellip; Lire la suite de\u00ab\u00a0Ganache Dor\u00e9e\u00a0\u00bb\" \/>\n<meta property=\"og:url\" content=\"https:\/\/xn--elocra-fva.fr\/index.php\/product\/ganache-doree\/\" \/>\n<meta property=\"og:site_name\" content=\"Elocr\u00e9a\" \/>\n<meta property=\"article:modified_time\" content=\"2026-04-16T09:53:04+00:00\" \/>\n<meta property=\"og:image\" content=\"https:\/\/xn--elocra-fva.fr\/wp-content\/uploads\/2026\/04\/Ganache-doree-1-scaled.jpg\" \/>\n\t<meta property=\"og:image:width\" content=\"1928\" \/>\n\t<meta property=\"og:image:height\" content=\"2560\" \/>\n\t<meta property=\"og:image:type\" content=\"image\/jpeg\" \/>\n<meta name=\"twitter:card\" content=\"summary_large_image\" \/>\n<meta name=\"twitter:label1\" content=\"Dur\u00e9e de lecture estim\u00e9e\" \/>\n\t<meta name=\"twitter:data1\" content=\"2 minutes\" \/>\n<script type=\"application\/ld+json\" class=\"yoast-schema-graph\">{\"@context\":\"https:\\\/\\\/schema.org\",\"@graph\":[{\"@type\":\"WebPage\",\"@id\":\"https:\\\/\\\/xn--elocra-fva.fr\\\/index.php\\\/product\\\/ganache-doree\\\/\",\"url\":\"https:\\\/\\\/xn--elocra-fva.fr\\\/index.php\\\/product\\\/ganache-doree\\\/\",\"name\":\"Ganache Dor\u00e9e - Elocr\u00e9a\",\"isPartOf\":{\"@id\":\"https:\\\/\\\/xn--elocra-fva.fr\\\/#website\"},\"primaryImageOfPage\":{\"@id\":\"https:\\\/\\\/xn--elocra-fva.fr\\\/index.php\\\/product\\\/ganache-doree\\\/#primaryimage\"},\"image\":{\"@id\":\"https:\\\/\\\/xn--elocra-fva.fr\\\/index.php\\\/product\\\/ganache-doree\\\/#primaryimage\"},\"thumbnailUrl\":\"https:\\\/\\\/xn--elocra-fva.fr\\\/wp-content\\\/uploads\\\/2026\\\/04\\\/Ganache-doree-1-scaled.jpg\",\"datePublished\":\"2026-04-03T23:22:59+00:00\",\"dateModified\":\"2026-04-16T09:53:04+00:00\",\"breadcrumb\":{\"@id\":\"https:\\\/\\\/xn--elocra-fva.fr\\\/index.php\\\/product\\\/ganache-doree\\\/#breadcrumb\"},\"inLanguage\":\"fr-FR\",\"potentialAction\":[{\"@type\":\"ReadAction\",\"target\":[\"https:\\\/\\\/xn--elocra-fva.fr\\\/index.php\\\/product\\\/ganache-doree\\\/\"]}]},{\"@type\":\"ImageObject\",\"inLanguage\":\"fr-FR\",\"@id\":\"https:\\\/\\\/xn--elocra-fva.fr\\\/index.php\\\/product\\\/ganache-doree\\\/#primaryimage\",\"url\":\"https:\\\/\\\/xn--elocra-fva.fr\\\/wp-content\\\/uploads\\\/2026\\\/04\\\/Ganache-doree-1-scaled.jpg\",\"contentUrl\":\"https:\\\/\\\/xn--elocra-fva.fr\\\/wp-content\\\/uploads\\\/2026\\\/04\\\/Ganache-doree-1-scaled.jpg\",\"width\":1928,\"height\":2560},{\"@type\":\"BreadcrumbList\",\"@id\":\"https:\\\/\\\/xn--elocra-fva.fr\\\/index.php\\\/product\\\/ganache-doree\\\/#breadcrumb\",\"itemListElement\":[{\"@type\":\"ListItem\",\"position\":1,\"name\":\"Accueil\",\"item\":\"https:\\\/\\\/xn--elocra-fva.fr\\\/\"},{\"@type\":\"ListItem\",\"position\":2,\"name\":\"Boutique\",\"item\":\"https:\\\/\\\/xn--elocra-fva.fr\\\/index.php\\\/boutique-elocrea\\\/\"},{\"@type\":\"ListItem\",\"position\":3,\"name\":\"Ganache Dor\u00e9e\"}]},{\"@type\":\"WebSite\",\"@id\":\"https:\\\/\\\/xn--elocra-fva.fr\\\/#website\",\"url\":\"https:\\\/\\\/xn--elocra-fva.fr\\\/\",\"name\":\"Elocr\u00e9a\",\"description\":\"\",\"publisher\":{\"@id\":\"https:\\\/\\\/xn--elocra-fva.fr\\\/#\\\/schema\\\/person\\\/ee750f99c271d684532997e1cb559d0d\"},\"potentialAction\":[{\"@type\":\"SearchAction\",\"target\":{\"@type\":\"EntryPoint\",\"urlTemplate\":\"https:\\\/\\\/xn--elocra-fva.fr\\\/?s={search_term_string}\"},\"query-input\":{\"@type\":\"PropertyValueSpecification\",\"valueRequired\":true,\"valueName\":\"search_term_string\"}}],\"inLanguage\":\"fr-FR\"},{\"@type\":[\"Person\",\"Organization\"],\"@id\":\"https:\\\/\\\/xn--elocra-fva.fr\\\/#\\\/schema\\\/person\\\/ee750f99c271d684532997e1cb559d0d\",\"name\":\"Sophia Vernier\",\"image\":{\"@type\":\"ImageObject\",\"inLanguage\":\"fr-FR\",\"@id\":\"https:\\\/\\\/xn--elocra-fva.fr\\\/wp-content\\\/uploads\\\/2026\\\/03\\\/cropped-Logo-elocrea.jpg\",\"url\":\"https:\\\/\\\/xn--elocra-fva.fr\\\/wp-content\\\/uploads\\\/2026\\\/03\\\/cropped-Logo-elocrea.jpg\",\"contentUrl\":\"https:\\\/\\\/xn--elocra-fva.fr\\\/wp-content\\\/uploads\\\/2026\\\/03\\\/cropped-Logo-elocrea.jpg\",\"width\":1024,\"height\":1024,\"caption\":\"Sophia Vernier\"},\"logo\":{\"@id\":\"https:\\\/\\\/xn--elocra-fva.fr\\\/wp-content\\\/uploads\\\/2026\\\/03\\\/cropped-Logo-elocrea.jpg\"},\"sameAs\":[\"http:\\\/\\\/xn--elocra-fva.fr\"]}]}<\/script>\n<!-- \/ Yoast SEO plugin. -->","yoast_head_json":{"title":"Ganache Dor\u00e9e - Elocr\u00e9a","robots":{"index":"index","follow":"follow","max-snippet":"max-snippet:-1","max-image-preview":"max-image-preview:large","max-video-preview":"max-video-preview:-1"},"canonical":"https:\/\/xn--elocra-fva.fr\/index.php\/product\/ganache-doree\/","og_locale":"fr_FR","og_type":"article","og_title":"Ganache Dor\u00e9e - Elocr\u00e9a","og_description":"Principaux d\u00e9tails \u00b7 Fabriqu\u00e9 par EloCr\u00e9a \u00b7 Envoy\u00e9 par une petite entreprise bas\u00e9e en France \u00b7 Longueur : 4,3 cm ; Largeur : 2,5 cm LE MOD\u00c8LE \u00ab Ganache Dor\u00e9e &#8221; Ces boucles d\u2019oreilles, baptis\u00e9es \u00ab Ganache Dor\u00e9e \u00bb, font partie de la collection permanente de EloCr\u00e9a, \u00ab Les Chocolaites \u00bb Ces \u00ab BO fleurs &hellip; Lire la suite de\u00ab\u00a0Ganache Dor\u00e9e\u00a0\u00bb","og_url":"https:\/\/xn--elocra-fva.fr\/index.php\/product\/ganache-doree\/","og_site_name":"Elocr\u00e9a","article_modified_time":"2026-04-16T09:53:04+00:00","og_image":[{"width":1928,"height":2560,"url":"https:\/\/xn--elocra-fva.fr\/wp-content\/uploads\/2026\/04\/Ganache-doree-1-scaled.jpg","type":"image\/jpeg"}],"twitter_card":"summary_large_image","twitter_misc":{"Dur\u00e9e de lecture estim\u00e9e":"2 minutes"},"schema":{"@context":"https:\/\/schema.org","@graph":[{"@type":"WebPage","@id":"https:\/\/xn--elocra-fva.fr\/index.php\/product\/ganache-doree\/","url":"https:\/\/xn--elocra-fva.fr\/index.php\/product\/ganache-doree\/","name":"Ganache Dor\u00e9e - Elocr\u00e9a","isPartOf":{"@id":"https:\/\/xn--elocra-fva.fr\/#website"},"primaryImageOfPage":{"@id":"https:\/\/xn--elocra-fva.fr\/index.php\/product\/ganache-doree\/#primaryimage"},"image":{"@id":"https:\/\/xn--elocra-fva.fr\/index.php\/product\/ganache-doree\/#primaryimage"},"thumbnailUrl":"https:\/\/xn--elocra-fva.fr\/wp-content\/uploads\/2026\/04\/Ganache-doree-1-scaled.jpg","datePublished":"2026-04-03T23:22:59+00:00","dateModified":"2026-04-16T09:53:04+00:00","breadcrumb":{"@id":"https:\/\/xn--elocra-fva.fr\/index.php\/product\/ganache-doree\/#breadcrumb"},"inLanguage":"fr-FR","potentialAction":[{"@type":"ReadAction","target":["https:\/\/xn--elocra-fva.fr\/index.php\/product\/ganache-doree\/"]}]},{"@type":"ImageObject","inLanguage":"fr-FR","@id":"https:\/\/xn--elocra-fva.fr\/index.php\/product\/ganache-doree\/#primaryimage","url":"https:\/\/xn--elocra-fva.fr\/wp-content\/uploads\/2026\/04\/Ganache-doree-1-scaled.jpg","contentUrl":"https:\/\/xn--elocra-fva.fr\/wp-content\/uploads\/2026\/04\/Ganache-doree-1-scaled.jpg","width":1928,"height":2560},{"@type":"BreadcrumbList","@id":"https:\/\/xn--elocra-fva.fr\/index.php\/product\/ganache-doree\/#breadcrumb","itemListElement":[{"@type":"ListItem","position":1,"name":"Accueil","item":"https:\/\/xn--elocra-fva.fr\/"},{"@type":"ListItem","position":2,"name":"Boutique","item":"https:\/\/xn--elocra-fva.fr\/index.php\/boutique-elocrea\/"},{"@type":"ListItem","position":3,"name":"Ganache Dor\u00e9e"}]},{"@type":"WebSite","@id":"https:\/\/xn--elocra-fva.fr\/#website","url":"https:\/\/xn--elocra-fva.fr\/","name":"Elocr\u00e9a","description":"","publisher":{"@id":"https:\/\/xn--elocra-fva.fr\/#\/schema\/person\/ee750f99c271d684532997e1cb559d0d"},"potentialAction":[{"@type":"SearchAction","target":{"@type":"EntryPoint","urlTemplate":"https:\/\/xn--elocra-fva.fr\/?s={search_term_string}"},"query-input":{"@type":"PropertyValueSpecification","valueRequired":true,"valueName":"search_term_string"}}],"inLanguage":"fr-FR"},{"@type":["Person","Organization"],"@id":"https:\/\/xn--elocra-fva.fr\/#\/schema\/person\/ee750f99c271d684532997e1cb559d0d","name":"Sophia Vernier","image":{"@type":"ImageObject","inLanguage":"fr-FR","@id":"https:\/\/xn--elocra-fva.fr\/wp-content\/uploads\/2026\/03\/cropped-Logo-elocrea.jpg","url":"https:\/\/xn--elocra-fva.fr\/wp-content\/uploads\/2026\/03\/cropped-Logo-elocrea.jpg","contentUrl":"https:\/\/xn--elocra-fva.fr\/wp-content\/uploads\/2026\/03\/cropped-Logo-elocrea.jpg","width":1024,"height":1024,"caption":"Sophia Vernier"},"logo":{"@id":"https:\/\/xn--elocra-fva.fr\/wp-content\/uploads\/2026\/03\/cropped-Logo-elocrea.jpg"},"sameAs":["http:\/\/xn--elocra-fva.fr"]}]}},"jetpack_sharing_enabled":true,"_links":{"self":[{"href":"https:\/\/xn--elocra-fva.fr\/index.php\/wp-json\/wp\/v2\/product\/516","targetHints":{"allow":["GET"]}}],"collection":[{"href":"https:\/\/xn--elocra-fva.fr\/index.php\/wp-json\/wp\/v2\/product"}],"about":[{"href":"https:\/\/xn--elocra-fva.fr\/index.php\/wp-json\/wp\/v2\/types\/product"}],"replies":[{"embeddable":true,"href":"https:\/\/xn--elocra-fva.fr\/index.php\/wp-json\/wp\/v2\/comments?post=516"}],"wp:featuredmedia":[{"embeddable":true,"href":"https:\/\/xn--elocra-fva.fr\/index.php\/wp-json\/wp\/v2\/media\/558"}],"wp:attachment":[{"href":"https:\/\/xn--elocra-fva.fr\/index.php\/wp-json\/wp\/v2\/media?parent=516"}],"wp:term":[{"taxonomy":"product_brand","embeddable":true,"href":"https:\/\/xn--elocra-fva.fr\/index.php\/wp-json\/wp\/v2\/product_brand?post=516"},{"taxonomy":"product_cat","embeddable":true,"href":"https:\/\/xn--elocra-fva.fr\/index.php\/wp-json\/wp\/v2\/product_cat?post=516"},{"taxonomy":"product_tag","embeddable":true,"href":"https:\/\/xn--elocra-fva.fr\/index.php\/wp-json\/wp\/v2\/product_tag?post=516"}],"curies":[{"name":"wp","href":"https:\/\/api.w.org\/{rel}","templated":true}]}}