{"id":588,"date":"2026-04-15T07:50:36","date_gmt":"2026-04-15T07:50:36","guid":{"rendered":"https:\/\/xn--elocra-fva.fr\/?post_type=product&#038;p=588"},"modified":"2026-04-16T14:26:52","modified_gmt":"2026-04-16T14:26:52","slug":"boucle-doreille-cascade-florale","status":"publish","type":"product","link":"https:\/\/xn--elocra-fva.fr\/index.php\/product\/boucle-doreille-cascade-florale\/","title":{"rendered":"Cascade Florale"},"content":{"rendered":"<p><strong>Pi\u00e8ce unique<\/strong><\/p>\n<p><strong>Principaux d\u00e9tails<\/strong><br \/>\n\u2022 Fabriqu\u00e9 par EloCr\u00e9a<br \/>\n\u2022 Envoy\u00e9 par une petite entreprise bas\u00e9e en France<br \/>\n\u2022 Longueur : 4.5 cm ; Largeur : 1.00 cm<br \/>\nLE MOD\u00c8LE &#8221; <strong>Cascade Florale<\/strong>&#8221;<br \/>\nCes boucles d&#8217;oreilles, baptis\u00e9es &#8221; <strong>Cascade Florale<\/strong>&#8220;, font partie de la collection saisonni\u00e8re de EloCr\u00e9a, \u00ab <strong>Eclat de Porcelaine<\/strong> \u00bb<\/p>\n<p>Ces &#8220;BO feuilles&#8221; sont \u00e9l\u00e9gantes, douces et romantiques ! Un blanc nacr\u00e9 o\u00f9 repose d\u00e9licatement une feuille de transfert \u00e0 l\u2019effet de porcelaine fleurie.<br \/>\nLe tout recouvert de r\u00e9sine pour un rendu brillant et magnifi\u00e9 par une attache en acier inox argent\u00e9 en forme de feuille pour un c\u00f4t\u00e9 po\u00e9tique.<\/p>\n<p>\u2699\ufe0f<strong>MAT\u00c9RIAU<\/strong><br \/>\nArgile polym\u00e8re, feuille transfert, finition r\u00e9sine.<br \/>\nAttaches en acier inox couleur argent.<br \/>\nAnneaux de liaison en acier inox argent\u00e9.<\/p>\n<p>\u26a0\ufe0f<strong>ENTRETIEN ET PR\u00c9CAUTIONS D&#8217;EMPLOI<\/strong><br \/>\nNe jamais stocker vos bijoux dans un endroit humide (une salle de bains, par exemple).<br \/>\nNe pas les mouiller.<br \/>\n\u00c9viter de vaporiser du parfum ou de la cr\u00e8me solaire dessus.<\/p>\n<p>\u2692<strong> C\u00d4T\u00c9 ATELIER<\/strong><br \/>\nConfectionn\u00e9e \u00e0 la main en France, en tr\u00e8s petites quantit\u00e9s, chaque boucle d&#8217;oreille est unique et originale.<br \/>\nDes (infimes) variations de couleurs ou dans la disposition de certains motifs peuvent ainsi \u00eatre observ\u00e9es d&#8217;un mod\u00e8le \u00e0 l&#8217;autre.<br \/>\nPr\u00e9cisons enfin qu&#8217;avec l&#8217;argile polym\u00e8re, tout se cr\u00e9e, rien ne se perd et tout se transforme dans le processus de fabrication. C&#8217;est durable et \u00e9co-responsable.<\/p>\n","protected":false},"excerpt":{"rendered":"<p>Pi\u00e8ce unique Principaux d\u00e9tails \u2022 Fabriqu\u00e9 par EloCr\u00e9a \u2022 Envoy\u00e9 par une petite entreprise bas\u00e9e en France \u2022 Longueur : 4.5 cm ; Largeur : 1.00 cm LE MOD\u00c8LE &#8221; Cascade Florale&#8221; Ces boucles d&#8217;oreilles, baptis\u00e9es &#8221; Cascade Florale&#8220;, font partie de la collection saisonni\u00e8re de EloCr\u00e9a, \u00ab Eclat de Porcelaine \u00bb Ces &#8220;BO feuilles&#8221; &hellip; <\/p>\n<p class=\"link-more\"><a href=\"https:\/\/xn--elocra-fva.fr\/index.php\/product\/boucle-doreille-cascade-florale\/\" class=\"more-link\">Lire la suite de<span class=\"screen-reader-text\">\u00ab\u00a0Cascade Florale\u00a0\u00bb<\/span><\/a><\/p>\n","protected":false},"featured_media":589,"comment_status":"open","ping_status":"closed","template":"","meta":[],"product_brand":[],"product_cat":[22,51,28,18],"product_tag":[],"class_list":{"0":"post-588","1":"product","2":"type-product","3":"status-publish","4":"has-post-thumbnail","6":"product_cat-boucles-fimo","7":"product_cat-eclat-de-porcelaine","8":"product_cat-idee-cadeau","9":"product_cat-uncategorized","10":"product_shipping_class-leger-20g","12":"first","13":"instock","14":"shipping-taxable","15":"purchasable","16":"product-type-simple"},"yoast_head":"<!-- This site is optimized with the Yoast SEO plugin v27.3 - https:\/\/yoast.com\/product\/yoast-seo-wordpress\/ -->\n<title>Cascade Florale - Elocr\u00e9a<\/title>\n<meta name=\"robots\" content=\"index, follow, max-snippet:-1, max-image-preview:large, max-video-preview:-1\" \/>\n<link rel=\"canonical\" href=\"https:\/\/xn--elocra-fva.fr\/index.php\/product\/boucle-doreille-cascade-florale\/\" \/>\n<meta property=\"og:locale\" content=\"fr_FR\" \/>\n<meta property=\"og:type\" content=\"article\" \/>\n<meta property=\"og:title\" content=\"Cascade Florale - Elocr\u00e9a\" \/>\n<meta property=\"og:description\" content=\"Pi\u00e8ce unique Principaux d\u00e9tails \u2022 Fabriqu\u00e9 par EloCr\u00e9a \u2022 Envoy\u00e9 par une petite entreprise bas\u00e9e en France \u2022 Longueur : 4.5 cm ; Largeur : 1.00 cm LE MOD\u00c8LE &#8221; Cascade Florale&#8221; Ces boucles d&#8217;oreilles, baptis\u00e9es &#8221; Cascade Florale&#8220;, font partie de la collection saisonni\u00e8re de EloCr\u00e9a, \u00ab Eclat de Porcelaine \u00bb Ces &#8220;BO feuilles&#8221; &hellip; Lire la suite de\u00ab\u00a0Cascade Florale\u00a0\u00bb\" \/>\n<meta property=\"og:url\" content=\"https:\/\/xn--elocra-fva.fr\/index.php\/product\/boucle-doreille-cascade-florale\/\" \/>\n<meta property=\"og:site_name\" content=\"Elocr\u00e9a\" \/>\n<meta property=\"article:modified_time\" content=\"2026-04-16T14:26:52+00:00\" \/>\n<meta property=\"og:image\" content=\"https:\/\/xn--elocra-fva.fr\/wp-content\/uploads\/2026\/04\/PXL_20260408_121048860.PORTRAIT.ORIGINAL-scaled.jpg\" \/>\n\t<meta property=\"og:image:width\" content=\"1927\" \/>\n\t<meta property=\"og:image:height\" content=\"2560\" \/>\n\t<meta property=\"og:image:type\" content=\"image\/jpeg\" \/>\n<meta name=\"twitter:card\" content=\"summary_large_image\" \/>\n<meta name=\"twitter:label1\" content=\"Dur\u00e9e de lecture estim\u00e9e\" \/>\n\t<meta name=\"twitter:data1\" content=\"2 minutes\" \/>\n<script type=\"application\/ld+json\" class=\"yoast-schema-graph\">{\"@context\":\"https:\\\/\\\/schema.org\",\"@graph\":[{\"@type\":\"WebPage\",\"@id\":\"https:\\\/\\\/xn--elocra-fva.fr\\\/index.php\\\/product\\\/boucle-doreille-cascade-florale\\\/\",\"url\":\"https:\\\/\\\/xn--elocra-fva.fr\\\/index.php\\\/product\\\/boucle-doreille-cascade-florale\\\/\",\"name\":\"Cascade Florale - Elocr\u00e9a\",\"isPartOf\":{\"@id\":\"https:\\\/\\\/xn--elocra-fva.fr\\\/#website\"},\"primaryImageOfPage\":{\"@id\":\"https:\\\/\\\/xn--elocra-fva.fr\\\/index.php\\\/product\\\/boucle-doreille-cascade-florale\\\/#primaryimage\"},\"image\":{\"@id\":\"https:\\\/\\\/xn--elocra-fva.fr\\\/index.php\\\/product\\\/boucle-doreille-cascade-florale\\\/#primaryimage\"},\"thumbnailUrl\":\"https:\\\/\\\/xn--elocra-fva.fr\\\/wp-content\\\/uploads\\\/2026\\\/04\\\/PXL_20260408_121048860.PORTRAIT.ORIGINAL-scaled.jpg\",\"datePublished\":\"2026-04-15T07:50:36+00:00\",\"dateModified\":\"2026-04-16T14:26:52+00:00\",\"breadcrumb\":{\"@id\":\"https:\\\/\\\/xn--elocra-fva.fr\\\/index.php\\\/product\\\/boucle-doreille-cascade-florale\\\/#breadcrumb\"},\"inLanguage\":\"fr-FR\",\"potentialAction\":[{\"@type\":\"ReadAction\",\"target\":[\"https:\\\/\\\/xn--elocra-fva.fr\\\/index.php\\\/product\\\/boucle-doreille-cascade-florale\\\/\"]}]},{\"@type\":\"ImageObject\",\"inLanguage\":\"fr-FR\",\"@id\":\"https:\\\/\\\/xn--elocra-fva.fr\\\/index.php\\\/product\\\/boucle-doreille-cascade-florale\\\/#primaryimage\",\"url\":\"https:\\\/\\\/xn--elocra-fva.fr\\\/wp-content\\\/uploads\\\/2026\\\/04\\\/PXL_20260408_121048860.PORTRAIT.ORIGINAL-scaled.jpg\",\"contentUrl\":\"https:\\\/\\\/xn--elocra-fva.fr\\\/wp-content\\\/uploads\\\/2026\\\/04\\\/PXL_20260408_121048860.PORTRAIT.ORIGINAL-scaled.jpg\",\"width\":1927,\"height\":2560},{\"@type\":\"BreadcrumbList\",\"@id\":\"https:\\\/\\\/xn--elocra-fva.fr\\\/index.php\\\/product\\\/boucle-doreille-cascade-florale\\\/#breadcrumb\",\"itemListElement\":[{\"@type\":\"ListItem\",\"position\":1,\"name\":\"Accueil\",\"item\":\"https:\\\/\\\/xn--elocra-fva.fr\\\/\"},{\"@type\":\"ListItem\",\"position\":2,\"name\":\"Boutique\",\"item\":\"https:\\\/\\\/xn--elocra-fva.fr\\\/index.php\\\/boutique-elocrea\\\/\"},{\"@type\":\"ListItem\",\"position\":3,\"name\":\"Cascade Florale\"}]},{\"@type\":\"WebSite\",\"@id\":\"https:\\\/\\\/xn--elocra-fva.fr\\\/#website\",\"url\":\"https:\\\/\\\/xn--elocra-fva.fr\\\/\",\"name\":\"Elocr\u00e9a\",\"description\":\"\",\"publisher\":{\"@id\":\"https:\\\/\\\/xn--elocra-fva.fr\\\/#\\\/schema\\\/person\\\/ee750f99c271d684532997e1cb559d0d\"},\"potentialAction\":[{\"@type\":\"SearchAction\",\"target\":{\"@type\":\"EntryPoint\",\"urlTemplate\":\"https:\\\/\\\/xn--elocra-fva.fr\\\/?s={search_term_string}\"},\"query-input\":{\"@type\":\"PropertyValueSpecification\",\"valueRequired\":true,\"valueName\":\"search_term_string\"}}],\"inLanguage\":\"fr-FR\"},{\"@type\":[\"Person\",\"Organization\"],\"@id\":\"https:\\\/\\\/xn--elocra-fva.fr\\\/#\\\/schema\\\/person\\\/ee750f99c271d684532997e1cb559d0d\",\"name\":\"Sophia Vernier\",\"image\":{\"@type\":\"ImageObject\",\"inLanguage\":\"fr-FR\",\"@id\":\"https:\\\/\\\/xn--elocra-fva.fr\\\/wp-content\\\/uploads\\\/2026\\\/03\\\/cropped-Logo-elocrea.jpg\",\"url\":\"https:\\\/\\\/xn--elocra-fva.fr\\\/wp-content\\\/uploads\\\/2026\\\/03\\\/cropped-Logo-elocrea.jpg\",\"contentUrl\":\"https:\\\/\\\/xn--elocra-fva.fr\\\/wp-content\\\/uploads\\\/2026\\\/03\\\/cropped-Logo-elocrea.jpg\",\"width\":1024,\"height\":1024,\"caption\":\"Sophia Vernier\"},\"logo\":{\"@id\":\"https:\\\/\\\/xn--elocra-fva.fr\\\/wp-content\\\/uploads\\\/2026\\\/03\\\/cropped-Logo-elocrea.jpg\"},\"sameAs\":[\"http:\\\/\\\/xn--elocra-fva.fr\"]}]}<\/script>\n<!-- \/ Yoast SEO plugin. -->","yoast_head_json":{"title":"Cascade Florale - Elocr\u00e9a","robots":{"index":"index","follow":"follow","max-snippet":"max-snippet:-1","max-image-preview":"max-image-preview:large","max-video-preview":"max-video-preview:-1"},"canonical":"https:\/\/xn--elocra-fva.fr\/index.php\/product\/boucle-doreille-cascade-florale\/","og_locale":"fr_FR","og_type":"article","og_title":"Cascade Florale - Elocr\u00e9a","og_description":"Pi\u00e8ce unique Principaux d\u00e9tails \u2022 Fabriqu\u00e9 par EloCr\u00e9a \u2022 Envoy\u00e9 par une petite entreprise bas\u00e9e en France \u2022 Longueur : 4.5 cm ; Largeur : 1.00 cm LE MOD\u00c8LE &#8221; Cascade Florale&#8221; Ces boucles d&#8217;oreilles, baptis\u00e9es &#8221; Cascade Florale&#8220;, font partie de la collection saisonni\u00e8re de EloCr\u00e9a, \u00ab Eclat de Porcelaine \u00bb Ces &#8220;BO feuilles&#8221; &hellip; Lire la suite de\u00ab\u00a0Cascade Florale\u00a0\u00bb","og_url":"https:\/\/xn--elocra-fva.fr\/index.php\/product\/boucle-doreille-cascade-florale\/","og_site_name":"Elocr\u00e9a","article_modified_time":"2026-04-16T14:26:52+00:00","og_image":[{"width":1927,"height":2560,"url":"https:\/\/xn--elocra-fva.fr\/wp-content\/uploads\/2026\/04\/PXL_20260408_121048860.PORTRAIT.ORIGINAL-scaled.jpg","type":"image\/jpeg"}],"twitter_card":"summary_large_image","twitter_misc":{"Dur\u00e9e de lecture estim\u00e9e":"2 minutes"},"schema":{"@context":"https:\/\/schema.org","@graph":[{"@type":"WebPage","@id":"https:\/\/xn--elocra-fva.fr\/index.php\/product\/boucle-doreille-cascade-florale\/","url":"https:\/\/xn--elocra-fva.fr\/index.php\/product\/boucle-doreille-cascade-florale\/","name":"Cascade Florale - Elocr\u00e9a","isPartOf":{"@id":"https:\/\/xn--elocra-fva.fr\/#website"},"primaryImageOfPage":{"@id":"https:\/\/xn--elocra-fva.fr\/index.php\/product\/boucle-doreille-cascade-florale\/#primaryimage"},"image":{"@id":"https:\/\/xn--elocra-fva.fr\/index.php\/product\/boucle-doreille-cascade-florale\/#primaryimage"},"thumbnailUrl":"https:\/\/xn--elocra-fva.fr\/wp-content\/uploads\/2026\/04\/PXL_20260408_121048860.PORTRAIT.ORIGINAL-scaled.jpg","datePublished":"2026-04-15T07:50:36+00:00","dateModified":"2026-04-16T14:26:52+00:00","breadcrumb":{"@id":"https:\/\/xn--elocra-fva.fr\/index.php\/product\/boucle-doreille-cascade-florale\/#breadcrumb"},"inLanguage":"fr-FR","potentialAction":[{"@type":"ReadAction","target":["https:\/\/xn--elocra-fva.fr\/index.php\/product\/boucle-doreille-cascade-florale\/"]}]},{"@type":"ImageObject","inLanguage":"fr-FR","@id":"https:\/\/xn--elocra-fva.fr\/index.php\/product\/boucle-doreille-cascade-florale\/#primaryimage","url":"https:\/\/xn--elocra-fva.fr\/wp-content\/uploads\/2026\/04\/PXL_20260408_121048860.PORTRAIT.ORIGINAL-scaled.jpg","contentUrl":"https:\/\/xn--elocra-fva.fr\/wp-content\/uploads\/2026\/04\/PXL_20260408_121048860.PORTRAIT.ORIGINAL-scaled.jpg","width":1927,"height":2560},{"@type":"BreadcrumbList","@id":"https:\/\/xn--elocra-fva.fr\/index.php\/product\/boucle-doreille-cascade-florale\/#breadcrumb","itemListElement":[{"@type":"ListItem","position":1,"name":"Accueil","item":"https:\/\/xn--elocra-fva.fr\/"},{"@type":"ListItem","position":2,"name":"Boutique","item":"https:\/\/xn--elocra-fva.fr\/index.php\/boutique-elocrea\/"},{"@type":"ListItem","position":3,"name":"Cascade Florale"}]},{"@type":"WebSite","@id":"https:\/\/xn--elocra-fva.fr\/#website","url":"https:\/\/xn--elocra-fva.fr\/","name":"Elocr\u00e9a","description":"","publisher":{"@id":"https:\/\/xn--elocra-fva.fr\/#\/schema\/person\/ee750f99c271d684532997e1cb559d0d"},"potentialAction":[{"@type":"SearchAction","target":{"@type":"EntryPoint","urlTemplate":"https:\/\/xn--elocra-fva.fr\/?s={search_term_string}"},"query-input":{"@type":"PropertyValueSpecification","valueRequired":true,"valueName":"search_term_string"}}],"inLanguage":"fr-FR"},{"@type":["Person","Organization"],"@id":"https:\/\/xn--elocra-fva.fr\/#\/schema\/person\/ee750f99c271d684532997e1cb559d0d","name":"Sophia Vernier","image":{"@type":"ImageObject","inLanguage":"fr-FR","@id":"https:\/\/xn--elocra-fva.fr\/wp-content\/uploads\/2026\/03\/cropped-Logo-elocrea.jpg","url":"https:\/\/xn--elocra-fva.fr\/wp-content\/uploads\/2026\/03\/cropped-Logo-elocrea.jpg","contentUrl":"https:\/\/xn--elocra-fva.fr\/wp-content\/uploads\/2026\/03\/cropped-Logo-elocrea.jpg","width":1024,"height":1024,"caption":"Sophia Vernier"},"logo":{"@id":"https:\/\/xn--elocra-fva.fr\/wp-content\/uploads\/2026\/03\/cropped-Logo-elocrea.jpg"},"sameAs":["http:\/\/xn--elocra-fva.fr"]}]}},"jetpack_sharing_enabled":true,"_links":{"self":[{"href":"https:\/\/xn--elocra-fva.fr\/index.php\/wp-json\/wp\/v2\/product\/588","targetHints":{"allow":["GET"]}}],"collection":[{"href":"https:\/\/xn--elocra-fva.fr\/index.php\/wp-json\/wp\/v2\/product"}],"about":[{"href":"https:\/\/xn--elocra-fva.fr\/index.php\/wp-json\/wp\/v2\/types\/product"}],"replies":[{"embeddable":true,"href":"https:\/\/xn--elocra-fva.fr\/index.php\/wp-json\/wp\/v2\/comments?post=588"}],"wp:featuredmedia":[{"embeddable":true,"href":"https:\/\/xn--elocra-fva.fr\/index.php\/wp-json\/wp\/v2\/media\/589"}],"wp:attachment":[{"href":"https:\/\/xn--elocra-fva.fr\/index.php\/wp-json\/wp\/v2\/media?parent=588"}],"wp:term":[{"taxonomy":"product_brand","embeddable":true,"href":"https:\/\/xn--elocra-fva.fr\/index.php\/wp-json\/wp\/v2\/product_brand?post=588"},{"taxonomy":"product_cat","embeddable":true,"href":"https:\/\/xn--elocra-fva.fr\/index.php\/wp-json\/wp\/v2\/product_cat?post=588"},{"taxonomy":"product_tag","embeddable":true,"href":"https:\/\/xn--elocra-fva.fr\/index.php\/wp-json\/wp\/v2\/product_tag?post=588"}],"curies":[{"name":"wp","href":"https:\/\/api.w.org\/{rel}","templated":true}]}}